{"id":94,"date":"2022-08-06T06:12:56","date_gmt":"2022-08-06T06:12:56","guid":{"rendered":"https:\/\/autoinbox.com.vn\/trangchu\/?page_id=94"},"modified":"2022-08-06T07:54:37","modified_gmt":"2022-08-06T07:54:37","slug":"hdsd-cai-extension","status":"publish","type":"page","link":"https:\/\/autoinbox.com.vn\/trangchu\/hdsd-cai-extension\/","title":{"rendered":"HDSD &#8211; C\u00e0i extension"},"content":{"rendered":"\n<p><strong>B\u01b0\u1edbc 1: <\/strong><\/p>\n\n\n\n<figure class=\"wp-block-image size-large\"><img loading=\"lazy\" decoding=\"async\" width=\"1024\" height=\"576\" src=\"https:\/\/autoinbox.com.vn\/trangchu\/wp-content\/uploads\/2022\/08\/1-Cai-extension-1024x576.jpg\" alt=\"\" class=\"wp-image-95\" srcset=\"https:\/\/autoinbox.com.vn\/trangchu\/wp-content\/uploads\/2022\/08\/1-Cai-extension-1024x576.jpg 1024w, https:\/\/autoinbox.com.vn\/trangchu\/wp-content\/uploads\/2022\/08\/1-Cai-extension-300x169.jpg 300w, https:\/\/autoinbox.com.vn\/trangchu\/wp-content\/uploads\/2022\/08\/1-Cai-extension-768x432.jpg 768w, https:\/\/autoinbox.com.vn\/trangchu\/wp-content\/uploads\/2022\/08\/1-Cai-extension-1536x864.jpg 1536w, https:\/\/autoinbox.com.vn\/trangchu\/wp-content\/uploads\/2022\/08\/1-Cai-extension.jpg 1920w\" sizes=\"auto, (max-width: 1024px) 100vw, 1024px\" \/><\/figure>\n\n\n\n<p><strong>B\u01b0\u1edbc 2:<\/strong><\/p>\n\n\n\n<figure class=\"wp-block-image size-large\"><img loading=\"lazy\" decoding=\"async\" width=\"1024\" height=\"576\" src=\"https:\/\/autoinbox.com.vn\/trangchu\/wp-content\/uploads\/2022\/08\/2-Cai-extension-1024x576.jpg\" alt=\"\" class=\"wp-image-96\" srcset=\"https:\/\/autoinbox.com.vn\/trangchu\/wp-content\/uploads\/2022\/08\/2-Cai-extension-1024x576.jpg 1024w, https:\/\/autoinbox.com.vn\/trangchu\/wp-content\/uploads\/2022\/08\/2-Cai-extension-300x169.jpg 300w, https:\/\/autoinbox.com.vn\/trangchu\/wp-content\/uploads\/2022\/08\/2-Cai-extension-768x432.jpg 768w, https:\/\/autoinbox.com.vn\/trangchu\/wp-content\/uploads\/2022\/08\/2-Cai-extension-1536x864.jpg 1536w, https:\/\/autoinbox.com.vn\/trangchu\/wp-content\/uploads\/2022\/08\/2-Cai-extension.jpg 1920w\" sizes=\"auto, (max-width: 1024px) 100vw, 1024px\" \/><\/figure>\n\n\n\n<p><strong>B\u01b0\u1edbc 3: <\/strong><\/p>\n\n\n\n<figure class=\"wp-block-image size-large\"><img loading=\"lazy\" decoding=\"async\" width=\"1024\" height=\"576\" src=\"https:\/\/autoinbox.com.vn\/trangchu\/wp-content\/uploads\/2022\/08\/3-Cai-extension-1024x576.jpg\" alt=\"\" class=\"wp-image-97\" srcset=\"https:\/\/autoinbox.com.vn\/trangchu\/wp-content\/uploads\/2022\/08\/3-Cai-extension-1024x576.jpg 1024w, https:\/\/autoinbox.com.vn\/trangchu\/wp-content\/uploads\/2022\/08\/3-Cai-extension-300x169.jpg 300w, https:\/\/autoinbox.com.vn\/trangchu\/wp-content\/uploads\/2022\/08\/3-Cai-extension-768x432.jpg 768w, https:\/\/autoinbox.com.vn\/trangchu\/wp-content\/uploads\/2022\/08\/3-Cai-extension-1536x864.jpg 1536w, https:\/\/autoinbox.com.vn\/trangchu\/wp-content\/uploads\/2022\/08\/3-Cai-extension.jpg 1920w\" sizes=\"auto, (max-width: 1024px) 100vw, 1024px\" \/><\/figure>\n\n\n\n<p><strong>B\u01b0\u1edbc 4:<\/strong><\/p>\n\n\n\n<figure class=\"wp-block-image size-large\"><img loading=\"lazy\" decoding=\"async\" width=\"1024\" height=\"576\" src=\"https:\/\/autoinbox.com.vn\/trangchu\/wp-content\/uploads\/2022\/08\/4-Cai-extension-1024x576.jpg\" alt=\"\" class=\"wp-image-98\" srcset=\"https:\/\/autoinbox.com.vn\/trangchu\/wp-content\/uploads\/2022\/08\/4-Cai-extension-1024x576.jpg 1024w, https:\/\/autoinbox.com.vn\/trangchu\/wp-content\/uploads\/2022\/08\/4-Cai-extension-300x169.jpg 300w, https:\/\/autoinbox.com.vn\/trangchu\/wp-content\/uploads\/2022\/08\/4-Cai-extension-768x432.jpg 768w, https:\/\/autoinbox.com.vn\/trangchu\/wp-content\/uploads\/2022\/08\/4-Cai-extension-1536x864.jpg 1536w, https:\/\/autoinbox.com.vn\/trangchu\/wp-content\/uploads\/2022\/08\/4-Cai-extension.jpg 1920w\" sizes=\"auto, (max-width: 1024px) 100vw, 1024px\" \/><\/figure>\n\n\n\n<p><strong>B\u01b0\u1edbc 5:<\/strong><\/p>\n\n\n\n<figure class=\"wp-block-image size-large\"><img loading=\"lazy\" decoding=\"async\" width=\"1024\" height=\"576\" src=\"https:\/\/autoinbox.com.vn\/trangchu\/wp-content\/uploads\/2022\/08\/5-Cai-extension-1024x576.jpg\" alt=\"\" class=\"wp-image-99\" srcset=\"https:\/\/autoinbox.com.vn\/trangchu\/wp-content\/uploads\/2022\/08\/5-Cai-extension-1024x576.jpg 1024w, https:\/\/autoinbox.com.vn\/trangchu\/wp-content\/uploads\/2022\/08\/5-Cai-extension-300x169.jpg 300w, https:\/\/autoinbox.com.vn\/trangchu\/wp-content\/uploads\/2022\/08\/5-Cai-extension-768x432.jpg 768w, https:\/\/autoinbox.com.vn\/trangchu\/wp-content\/uploads\/2022\/08\/5-Cai-extension-1536x864.jpg 1536w, https:\/\/autoinbox.com.vn\/trangchu\/wp-content\/uploads\/2022\/08\/5-Cai-extension.jpg 1920w\" sizes=\"auto, (max-width: 1024px) 100vw, 1024px\" \/><\/figure>\n\n\n\n<p><strong>C\u00e0i \u0111\u1eb7t th\u00e0nh c\u00f4ng m\u00e0n h\u00ecnh s\u1ebd hi\u1ec7n ra nh\u01b0 \u1ea3nh.<\/strong><\/p>\n\n\n\n<figure class=\"wp-block-image size-large\"><img loading=\"lazy\" decoding=\"async\" width=\"1024\" height=\"576\" src=\"https:\/\/autoinbox.com.vn\/trangchu\/wp-content\/uploads\/2022\/08\/6-Cai-extension-1024x576.jpg\" alt=\"\" class=\"wp-image-100\" srcset=\"https:\/\/autoinbox.com.vn\/trangchu\/wp-content\/uploads\/2022\/08\/6-Cai-extension-1024x576.jpg 1024w, https:\/\/autoinbox.com.vn\/trangchu\/wp-content\/uploads\/2022\/08\/6-Cai-extension-300x169.jpg 300w, https:\/\/autoinbox.com.vn\/trangchu\/wp-content\/uploads\/2022\/08\/6-Cai-extension-768x432.jpg 768w, https:\/\/autoinbox.com.vn\/trangchu\/wp-content\/uploads\/2022\/08\/6-Cai-extension-1536x864.jpg 1536w, https:\/\/autoinbox.com.vn\/trangchu\/wp-content\/uploads\/2022\/08\/6-Cai-extension.jpg 1920w\" sizes=\"auto, (max-width: 1024px) 100vw, 1024px\" \/><\/figure>\n\n\n\n<p><\/p>\n","protected":false},"excerpt":{"rendered":"<p>B\u01b0\u1edbc 1: B\u01b0\u1edbc 2: B\u01b0\u1edbc 3: B\u01b0\u1edbc 4: B\u01b0\u1edbc 5: C\u00e0i \u0111\u1eb7t th\u00e0nh c\u00f4ng m\u00e0n h\u00ecnh s\u1ebd hi\u1ec7n ra nh\u01b0 \u1ea3nh.<\/p>\n","protected":false},"author":2,"featured_media":0,"parent":0,"menu_order":0,"comment_status":"closed","ping_status":"closed","template":"","meta":{"footnotes":""},"class_list":["post-94","page","type-page","status-publish","hentry"],"_links":{"self":[{"href":"https:\/\/autoinbox.com.vn\/trangchu\/wp-json\/wp\/v2\/pages\/94","targetHints":{"allow":["GET"]}}],"collection":[{"href":"https:\/\/autoinbox.com.vn\/trangchu\/wp-json\/wp\/v2\/pages"}],"about":[{"href":"https:\/\/autoinbox.com.vn\/trangchu\/wp-json\/wp\/v2\/types\/page"}],"author":[{"embeddable":true,"href":"https:\/\/autoinbox.com.vn\/trangchu\/wp-json\/wp\/v2\/users\/2"}],"replies":[{"embeddable":true,"href":"https:\/\/autoinbox.com.vn\/trangchu\/wp-json\/wp\/v2\/comments?post=94"}],"version-history":[{"count":4,"href":"https:\/\/autoinbox.com.vn\/trangchu\/wp-json\/wp\/v2\/pages\/94\/revisions"}],"predecessor-version":[{"id":127,"href":"https:\/\/autoinbox.com.vn\/trangchu\/wp-json\/wp\/v2\/pages\/94\/revisions\/127"}],"wp:attachment":[{"href":"https:\/\/autoinbox.com.vn\/trangchu\/wp-json\/wp\/v2\/media?parent=94"}],"curies":[{"name":"wp","href":"https:\/\/api.w.org\/{rel}","templated":true}]}}