{"id":47,"date":"2022-08-06T04:52:29","date_gmt":"2022-08-06T04:52:29","guid":{"rendered":"https:\/\/autoinbox.com.vn\/trangchu\/?page_id=47"},"modified":"2022-08-06T08:11:17","modified_gmt":"2022-08-06T08:11:17","slug":"hdsd-doi-mat-khau","status":"publish","type":"page","link":"https:\/\/autoinbox.com.vn\/trangchu\/hdsd-doi-mat-khau\/","title":{"rendered":"HDSD &#8211; \u0110\u1ed5i m\u1eadt kh\u1ea9u"},"content":{"rendered":"\n<p><strong>\u0110\u1ec3 \u0111\u1ea3m b\u1ea3o t\u00ednh an to\u00e0n v\u00e0 ri\u00eang t\u01b0 cho t\u00e0i kho\u1ea3n c\u1ee7a b\u1ea1n, b\u1ea1n n\u00ean \u0111\u1ed5i m\u1eadt kh\u1ea9u \u1edf l\u1ea7n \u0111\u0103ng nh\u1eadp \u0111\u1ea7u ti\u00ean<\/strong><\/p>\n\n\n\n<p><strong>B\u01b0\u1edbc 1: <\/strong><\/p>\n\n\n\n<figure class=\"wp-block-image size-large\"><img loading=\"lazy\" decoding=\"async\" width=\"1024\" height=\"576\" src=\"https:\/\/autoinbox.com.vn\/trangchu\/wp-content\/uploads\/2022\/08\/1-HDSD-Doi-mat-khau-1024x576.jpg\" alt=\"\" class=\"wp-image-56\" srcset=\"https:\/\/autoinbox.com.vn\/trangchu\/wp-content\/uploads\/2022\/08\/1-HDSD-Doi-mat-khau-1024x576.jpg 1024w, https:\/\/autoinbox.com.vn\/trangchu\/wp-content\/uploads\/2022\/08\/1-HDSD-Doi-mat-khau-300x169.jpg 300w, https:\/\/autoinbox.com.vn\/trangchu\/wp-content\/uploads\/2022\/08\/1-HDSD-Doi-mat-khau-768x432.jpg 768w, https:\/\/autoinbox.com.vn\/trangchu\/wp-content\/uploads\/2022\/08\/1-HDSD-Doi-mat-khau-1536x864.jpg 1536w, https:\/\/autoinbox.com.vn\/trangchu\/wp-content\/uploads\/2022\/08\/1-HDSD-Doi-mat-khau.jpg 1920w\" sizes=\"auto, (max-width: 1024px) 100vw, 1024px\" \/><\/figure>\n\n\n\n<p><strong>B\u01b0\u1edbc 2: <\/strong><\/p>\n\n\n\n<figure class=\"wp-block-image size-large\"><img loading=\"lazy\" decoding=\"async\" width=\"1024\" height=\"576\" src=\"https:\/\/autoinbox.com.vn\/trangchu\/wp-content\/uploads\/2022\/08\/2-HDSD-Doi-mat-khau-1024x576.jpg\" alt=\"\" class=\"wp-image-57\" srcset=\"https:\/\/autoinbox.com.vn\/trangchu\/wp-content\/uploads\/2022\/08\/2-HDSD-Doi-mat-khau-1024x576.jpg 1024w, https:\/\/autoinbox.com.vn\/trangchu\/wp-content\/uploads\/2022\/08\/2-HDSD-Doi-mat-khau-300x169.jpg 300w, https:\/\/autoinbox.com.vn\/trangchu\/wp-content\/uploads\/2022\/08\/2-HDSD-Doi-mat-khau-768x432.jpg 768w, https:\/\/autoinbox.com.vn\/trangchu\/wp-content\/uploads\/2022\/08\/2-HDSD-Doi-mat-khau-1536x864.jpg 1536w, https:\/\/autoinbox.com.vn\/trangchu\/wp-content\/uploads\/2022\/08\/2-HDSD-Doi-mat-khau.jpg 1920w\" sizes=\"auto, (max-width: 1024px) 100vw, 1024px\" \/><\/figure>\n","protected":false},"excerpt":{"rendered":"<p>\u0110\u1ec3 \u0111\u1ea3m b\u1ea3o t\u00ednh an to\u00e0n v\u00e0 ri\u00eang t\u01b0 cho t\u00e0i kho\u1ea3n c\u1ee7a b\u1ea1n, b\u1ea1n n\u00ean \u0111\u1ed5i m\u1eadt kh\u1ea9u \u1edf l\u1ea7n \u0111\u0103ng nh\u1eadp \u0111\u1ea7u ti\u00ean B\u01b0\u1edbc 1: B\u01b0\u1edbc 2:<\/p>\n","protected":false},"author":2,"featured_media":0,"parent":0,"menu_order":0,"comment_status":"closed","ping_status":"closed","template":"","meta":{"footnotes":""},"class_list":["post-47","page","type-page","status-publish","hentry"],"_links":{"self":[{"href":"https:\/\/autoinbox.com.vn\/trangchu\/wp-json\/wp\/v2\/pages\/47","targetHints":{"allow":["GET"]}}],"collection":[{"href":"https:\/\/autoinbox.com.vn\/trangchu\/wp-json\/wp\/v2\/pages"}],"about":[{"href":"https:\/\/autoinbox.com.vn\/trangchu\/wp-json\/wp\/v2\/types\/page"}],"author":[{"embeddable":true,"href":"https:\/\/autoinbox.com.vn\/trangchu\/wp-json\/wp\/v2\/users\/2"}],"replies":[{"embeddable":true,"href":"https:\/\/autoinbox.com.vn\/trangchu\/wp-json\/wp\/v2\/comments?post=47"}],"version-history":[{"count":6,"href":"https:\/\/autoinbox.com.vn\/trangchu\/wp-json\/wp\/v2\/pages\/47\/revisions"}],"predecessor-version":[{"id":133,"href":"https:\/\/autoinbox.com.vn\/trangchu\/wp-json\/wp\/v2\/pages\/47\/revisions\/133"}],"wp:attachment":[{"href":"https:\/\/autoinbox.com.vn\/trangchu\/wp-json\/wp\/v2\/media?parent=47"}],"curies":[{"name":"wp","href":"https:\/\/api.w.org\/{rel}","templated":true}]}}