{"id":310,"date":"2023-04-13T01:58:45","date_gmt":"2023-04-13T01:58:45","guid":{"rendered":"https:\/\/autoinbox.com.vn\/trangchu\/?page_id=310"},"modified":"2023-04-14T05:01:19","modified_gmt":"2023-04-14T05:01:19","slug":"tips-thiet-ke-anh-de-gui-tin-nhan","status":"publish","type":"page","link":"https:\/\/autoinbox.com.vn\/trangchu\/tips-thiet-ke-anh-de-gui-tin-nhan\/","title":{"rendered":"Tips thi\u1ebft k\u1ebf \u1ea3nh \u0111\u1ec3 g\u1eedi tin nh\u1eafn"},"content":{"rendered":"\n<ol class=\"wp-block-list\">\n<li><strong>K\u00edch c\u1ee1 \u1ea3nh khi thi\u1ebft k\u1ebf:&nbsp;<\/strong><\/li>\n<\/ol>\n\n\n\n<ul class=\"wp-block-list\">\n<li>\u1ea2nh d\u1ecdc c\u1ee1 1080&#215;1920 px v\u00ec v\u1edbi \u1ea3nh d\u1ecdc khi kh\u00e1ch \u1ea5n v\u00e0o \u1ea3nh s\u1ebd hi\u1ec7n full m\u00e0n h\u00ecnh kh\u00e1ch d\u1ec5 xem h\u01a1n<\/li>\n\n\n\n<li>\u1ea2nh vu\u00f4ng 1200x1200px ( n\u1ebfu thi\u1ebft k\u1ebf kh\u00f4ng ph\u00f9 h\u1ee3p v\u1edbi \u1ea3nh d\u1ecdc) khi ch\u1ecdn \u1ea3nh vu\u00f4ng th\u00ec khi kh\u00f4ng \u1ea9n v\u00e0o m\u00e0n h\u00ecnh kh\u00e1ch c\u0169ng v\u1eabn c\u00f3 th\u1ec3 nh\u00ecn th\u1ea5y n\u1ed9i dung \u1ea3nh ko b\u1ecb c\u1eaft<\/li>\n<\/ul>\n\n\n\n<p>H\u1ea7u h\u1ebft kh\u00e1ch h\u00e0ng s\u1eed d\u1ee5ng Facebook tr\u00ean \u0111i\u1ec7n tho\u1ea1i n\u00ean khi thi\u1ebft k\u1ebf \u1ea3nh c\u1ea7n ch\u00fa \u00fd v\u1ec1 k\u00edch th\u01b0\u1edbc \u0111\u1ec3 khi nh\u1eadn \u0111\u01b0\u1ee3c \u1ea3nh kh\u00e1ch xem \u0111\u01b0\u1ee3c to r\u00f5 r\u00e0ng nh\u1ea5t, d\u01b0\u1edbi \u0111\u00e2y l\u00e0 c\u00e1c v\u00ed d\u1ee5 minh hoa khi kh\u00e1ch h\u00e0ng nh\u1eadn \u0111\u01b0\u1ee3c \u1ea3nh:<\/p>\n\n\n\n<figure class=\"wp-block-image size-full\"><img loading=\"lazy\" decoding=\"async\" width=\"665\" height=\"654\" src=\"https:\/\/autoinbox.com.vn\/trangchu\/wp-content\/uploads\/2023\/03\/image-4.png\" alt=\"\" class=\"wp-image-311\" srcset=\"https:\/\/autoinbox.com.vn\/trangchu\/wp-content\/uploads\/2023\/03\/image-4.png 665w, https:\/\/autoinbox.com.vn\/trangchu\/wp-content\/uploads\/2023\/03\/image-4-300x295.png 300w\" sizes=\"auto, (max-width: 665px) 100vw, 665px\" \/><\/figure>\n\n\n\n<p>V\u1edbi 3 v\u00ed d\u1ee5 tr\u00ean c\u00f3 th\u1ec3 th\u1ea5y khi g\u1eedi \u1ea3nh k\u00edch c\u1ee1 d\u1ecdc ho\u1eb7c vu\u00f4ng h\u00ecnh \u1ea3nh s\u1ebd hi\u1ec7n ra r\u00f5 n\u00e9t v\u00e0 chi ti\u1ebft nh\u1ea5t. N\u1ebfu g\u1eedi \u1ea3nh \u1edf k\u00edch c\u1ee1 vu\u00f4ng kh\u00e1ch s\u1ebd ph\u1ea3i ph\u00f3ng to \u1ea3nh m\u1edbi nh\u00ecn \u0111\u01b0\u1ee3c n\u1ed9i dung mu\u1ed1n truy\u1ec1n t\u1ea3i.<\/p>\n\n\n\n<p>L\u01b0u \u00fd:&nbsp;<\/p>\n\n\n\n<p>N\u1ebfu t\u00f9y ch\u1ec9nh tr\u00ean c\u00e1c m\u1eabu s\u1eb5n c\u1ee7a Canva ph\u1ea3i check l\u1ea1i k\u00edch c\u1ee1 v\u00e0 \u0111\u1ed5i tr\u01b0\u1edbc khi ti\u1ec1n h\u00e0nh ch\u1ec9nh s\u1eeda thi\u1ebft k\u1ebf. Ch\u1ecdn \u0110\u1ed5i c\u1ee1 -&gt; nh\u1eadp k\u00edch c\u1ee1 mu\u1ed1n \u0111\u1ed5i -&gt; nh\u1eabn ch\u1ecdn \u0111\u1ed5i c\u1ee1 ( \u1ecf ph\u00eda d\u01b0\u1edbi)<\/p>\n\n\n\n<figure class=\"wp-block-image size-full\"><img loading=\"lazy\" decoding=\"async\" width=\"670\" height=\"693\" src=\"https:\/\/autoinbox.com.vn\/trangchu\/wp-content\/uploads\/2023\/03\/image-5.png\" alt=\"\" class=\"wp-image-312\" srcset=\"https:\/\/autoinbox.com.vn\/trangchu\/wp-content\/uploads\/2023\/03\/image-5.png 670w, https:\/\/autoinbox.com.vn\/trangchu\/wp-content\/uploads\/2023\/03\/image-5-290x300.png 290w\" sizes=\"auto, (max-width: 670px) 100vw, 670px\" \/><\/figure>\n\n\n\n<ol class=\"wp-block-list\">\n<li><strong>C\u00e1c chi ti\u1ebft trong thi\u1ebft k\u1ebf&nbsp;<\/strong><\/li>\n<\/ol>\n\n\n\n<p><strong>2.1. Ch\u1eef v\u00e0 s\u1ed1:&nbsp;<\/strong><\/p>\n\n\n\n<p>Ch\u1ecdn font ch\u1eef r\u00f5 r\u00e0ng, d\u1ec5 \u0111\u1ecdc, c\u00f3 nh\u1ea5n m\u00e0u ch\u1eef \u1edf nh\u1eefng \u0111o\u1ea1n quan tr\u1ecdng c\u1ea7n kh\u00e1ch quan t\u00e2m ( V\u00ed d\u1ee5: gi\u00e1 ti\u1ec1n, sale, th\u1eddi gian\u2026.) . H\u00ecnh \u1ea3nh minh h\u1ecda:&nbsp;<\/p>\n\n\n\n<p><img loading=\"lazy\" decoding=\"async\" width=\"379\" height=\"370\" src=\"blob:https:\/\/autoinbox.com.vn\/223e1a12-d7d8-4680-bcbe-6419ea7fad1d\"><\/p>\n\n\n\n<p>V\u1ec1 ki\u1ec3u ch\u1eef n\u00ean ch\u1ecdn hi\u1ec7u \u1ee9ng ch\u1eef \u1edf c\u00e1c \u0111o\u1ea1n c\u1ea7n thu h\u00fat s\u1ef1 ch\u00fa \u00fd c\u1ee7a kh\u00e1ch h\u00e0ng. C\u00e1c b\u01b0\u1edbc th\u1ef1c hi\u1ec7n nh\u01b0 sau: ch\u1ecdn ch\u1eef c\u1ea7n ch\u00e8n -&gt; ch\u1ecdn Hi\u1ec7u \u1ee8ng -&gt; ch\u1ecdn ki\u1ec3u hi\u1ec7u \u1ee9ng c\u1ea7n th\u00eam \u1edf b\u00ean tay tr\u00e1i m\u00e0n h\u00ecnh<\/p>\n\n\n\n<figure class=\"wp-block-image size-large is-resized\"><img loading=\"lazy\" decoding=\"async\" src=\"https:\/\/autoinbox.com.vn\/trangchu\/wp-content\/uploads\/2023\/03\/image-22-1024x802.png\" alt=\"\" class=\"wp-image-329\" width=\"624\" height=\"488\" srcset=\"https:\/\/autoinbox.com.vn\/trangchu\/wp-content\/uploads\/2023\/03\/image-22-1024x802.png 1024w, https:\/\/autoinbox.com.vn\/trangchu\/wp-content\/uploads\/2023\/03\/image-22-300x235.png 300w, https:\/\/autoinbox.com.vn\/trangchu\/wp-content\/uploads\/2023\/03\/image-22-768x601.png 768w, https:\/\/autoinbox.com.vn\/trangchu\/wp-content\/uploads\/2023\/03\/image-22-1536x1203.png 1536w, https:\/\/autoinbox.com.vn\/trangchu\/wp-content\/uploads\/2023\/03\/image-22.png 1600w\" sizes=\"auto, (max-width: 624px) 100vw, 624px\" \/><\/figure>\n\n\n\n<ul class=\"wp-block-list\">\n<li>V\u1ec1 ki\u1ec3u s\u1ed1 n\u00ean l\u1ef1a ch\u1ecdn c\u00e1c h\u00ecnh s\u1ed1 d\u1ea1ng 3D \u0111\u1ec3 l\u00e0m n\u1ed5i b\u1eadt v\u1ec1 gi\u00e1 ti\u1ec1n \u0111\u00e3 sale&nbsp;<\/li>\n<\/ul>\n\n\n\n<p>C\u00e1c b\u01b0\u1edbc th\u1ef1c hi\u1ec7n: ch\u1ecdn Th\u00e0nh ph\u1ea7n -&gt; nh\u1eadp v\u00e0o \u00f4 t\u00ecm ki\u1ebfm s\u1ed1 c\u1ea7n t\u00ecm-&gt; ch\u1ecdn h\u00ecnh \u1ea3nh -&gt; ch\u1ecdn s\u1ed1 ph\u00f9 h\u1ee3p v\u1edbi thi\u1ebft k\u1ebf:&nbsp;<\/p>\n\n\n\n<figure class=\"wp-block-image size-full\"><img loading=\"lazy\" decoding=\"async\" width=\"478\" height=\"912\" src=\"https:\/\/autoinbox.com.vn\/trangchu\/wp-content\/uploads\/2023\/03\/image-17.png\" alt=\"\" class=\"wp-image-324\" srcset=\"https:\/\/autoinbox.com.vn\/trangchu\/wp-content\/uploads\/2023\/03\/image-17.png 478w, https:\/\/autoinbox.com.vn\/trangchu\/wp-content\/uploads\/2023\/03\/image-17-157x300.png 157w\" sizes=\"auto, (max-width: 478px) 100vw, 478px\" \/><\/figure>\n\n\n\n<figure class=\"wp-block-image size-full\"><img loading=\"lazy\" decoding=\"async\" width=\"490\" height=\"475\" src=\"https:\/\/autoinbox.com.vn\/trangchu\/wp-content\/uploads\/2023\/03\/image-15.png\" alt=\"\" class=\"wp-image-322\" srcset=\"https:\/\/autoinbox.com.vn\/trangchu\/wp-content\/uploads\/2023\/03\/image-15.png 490w, https:\/\/autoinbox.com.vn\/trangchu\/wp-content\/uploads\/2023\/03\/image-15-300x291.png 300w\" sizes=\"auto, (max-width: 490px) 100vw, 490px\" \/><\/figure>\n\n\n\n<p>N\u00ean s\u1eed d\u1ee5ng c\u00e1c s\u1ed1 d\u1ea1ng b\u00f3ng n\u1ed5i b\u1eadt nh\u01b0 trong \u1ea3nh b\u00ean tr\u00ean. V\u00ed d\u1ee5 minh h\u1ecda khi l\u00ean h\u00ecnh \u1ea3nh&nbsp;<\/p>\n\n\n\n<p>2.2. C\u00e1c chi ti\u1ebft trong \u1ea3nh:&nbsp;<\/p>\n\n\n\n<p>C\u00f3 th\u00eam c\u00e1c chi ti\u1ebft ( sale, flash sale, bi\u1ec3u t\u01b0\u1ee3ng ship, t\u00fai gi\u00e0, gi\u1ecf h\u00e0ng, n\u00fat mua ngay\u2026.)&nbsp; \u0111\u1ec3 h\u00ecnh \u1ea3nh th\u00eam sinh \u0111\u1ed9ng nh\u01b0 v\u00ed d\u1ee5 tr\u00ean.&nbsp;<\/p>\n\n\n\n<figure class=\"wp-block-image size-large\"><img loading=\"lazy\" decoding=\"async\" width=\"1024\" height=\"1024\" src=\"https:\/\/autoinbox.com.vn\/trangchu\/wp-content\/uploads\/2023\/04\/30.04-1024x1024.png\" alt=\"\" class=\"wp-image-364\" srcset=\"https:\/\/autoinbox.com.vn\/trangchu\/wp-content\/uploads\/2023\/04\/30.04-1024x1024.png 1024w, https:\/\/autoinbox.com.vn\/trangchu\/wp-content\/uploads\/2023\/04\/30.04-300x300.png 300w, https:\/\/autoinbox.com.vn\/trangchu\/wp-content\/uploads\/2023\/04\/30.04-150x150.png 150w, https:\/\/autoinbox.com.vn\/trangchu\/wp-content\/uploads\/2023\/04\/30.04-768x768.png 768w, https:\/\/autoinbox.com.vn\/trangchu\/wp-content\/uploads\/2023\/04\/30.04.png 1500w\" sizes=\"auto, (max-width: 1024px) 100vw, 1024px\" \/><\/figure>\n\n\n\n<p>C\u00e1ch th\u1ef1c hi\u1ec7n l\u00e0m theo c\u00e1c b\u01b0\u1edbc \u1edf v\u00ed d\u1ee5 b\u00ean d\u01b0\u1edbi&nbsp;<\/p>\n\n\n\n<figure class=\"wp-block-image size-full\"><img loading=\"lazy\" decoding=\"async\" width=\"433\" height=\"630\" src=\"https:\/\/autoinbox.com.vn\/trangchu\/wp-content\/uploads\/2023\/03\/image-12.png\" alt=\"\" class=\"wp-image-319\" srcset=\"https:\/\/autoinbox.com.vn\/trangchu\/wp-content\/uploads\/2023\/03\/image-12.png 433w, https:\/\/autoinbox.com.vn\/trangchu\/wp-content\/uploads\/2023\/03\/image-12-206x300.png 206w\" sizes=\"auto, (max-width: 433px) 100vw, 433px\" \/><\/figure>\n\n\n\n<figure class=\"wp-block-image size-full\"><img loading=\"lazy\" decoding=\"async\" width=\"433\" height=\"869\" src=\"https:\/\/autoinbox.com.vn\/trangchu\/wp-content\/uploads\/2023\/03\/image-8.png\" alt=\"\" class=\"wp-image-314\" srcset=\"https:\/\/autoinbox.com.vn\/trangchu\/wp-content\/uploads\/2023\/03\/image-8.png 433w, https:\/\/autoinbox.com.vn\/trangchu\/wp-content\/uploads\/2023\/03\/image-8-149x300.png 149w\" sizes=\"auto, (max-width: 433px) 100vw, 433px\" \/><\/figure>\n\n\n\n<figure class=\"wp-block-image size-full\"><img loading=\"lazy\" decoding=\"async\" width=\"434\" height=\"641\" src=\"https:\/\/autoinbox.com.vn\/trangchu\/wp-content\/uploads\/2023\/03\/image-6.png\" alt=\"\" class=\"wp-image-313\" srcset=\"https:\/\/autoinbox.com.vn\/trangchu\/wp-content\/uploads\/2023\/03\/image-6.png 434w, https:\/\/autoinbox.com.vn\/trangchu\/wp-content\/uploads\/2023\/03\/image-6-203x300.png 203w\" sizes=\"auto, (max-width: 434px) 100vw, 434px\" \/><\/figure>\n\n\n\n<figure class=\"wp-block-image size-full\"><img loading=\"lazy\" decoding=\"async\" width=\"430\" height=\"858\" src=\"https:\/\/autoinbox.com.vn\/trangchu\/wp-content\/uploads\/2023\/03\/image-16.png\" alt=\"\" class=\"wp-image-323\" srcset=\"https:\/\/autoinbox.com.vn\/trangchu\/wp-content\/uploads\/2023\/03\/image-16.png 430w, https:\/\/autoinbox.com.vn\/trangchu\/wp-content\/uploads\/2023\/03\/image-16-150x300.png 150w\" sizes=\"auto, (max-width: 430px) 100vw, 430px\" \/><\/figure>\n\n\n\n<figure class=\"wp-block-image size-full\"><img loading=\"lazy\" decoding=\"async\" width=\"438\" height=\"772\" src=\"https:\/\/autoinbox.com.vn\/trangchu\/wp-content\/uploads\/2023\/03\/image-9.png\" alt=\"\" class=\"wp-image-317\" srcset=\"https:\/\/autoinbox.com.vn\/trangchu\/wp-content\/uploads\/2023\/03\/image-9.png 438w, https:\/\/autoinbox.com.vn\/trangchu\/wp-content\/uploads\/2023\/03\/image-9-170x300.png 170w\" sizes=\"auto, (max-width: 438px) 100vw, 438px\" \/><\/figure>\n\n\n\n<figure class=\"wp-block-image size-full\"><img loading=\"lazy\" decoding=\"async\" width=\"430\" height=\"769\" src=\"https:\/\/autoinbox.com.vn\/trangchu\/wp-content\/uploads\/2023\/03\/image-11.png\" alt=\"\" class=\"wp-image-318\" srcset=\"https:\/\/autoinbox.com.vn\/trangchu\/wp-content\/uploads\/2023\/03\/image-11.png 430w, https:\/\/autoinbox.com.vn\/trangchu\/wp-content\/uploads\/2023\/03\/image-11-168x300.png 168w\" sizes=\"auto, (max-width: 430px) 100vw, 430px\" \/><\/figure>\n\n\n\n<figure class=\"wp-block-image size-full\"><img loading=\"lazy\" decoding=\"async\" width=\"426\" height=\"760\" src=\"https:\/\/autoinbox.com.vn\/trangchu\/wp-content\/uploads\/2023\/03\/image-14.png\" alt=\"\" class=\"wp-image-321\" srcset=\"https:\/\/autoinbox.com.vn\/trangchu\/wp-content\/uploads\/2023\/03\/image-14.png 426w, https:\/\/autoinbox.com.vn\/trangchu\/wp-content\/uploads\/2023\/03\/image-14-168x300.png 168w\" sizes=\"auto, (max-width: 426px) 100vw, 426px\" \/><\/figure>\n\n\n\n<figure class=\"wp-block-image size-full\"><img loading=\"lazy\" decoding=\"async\" width=\"418\" height=\"870\" src=\"https:\/\/autoinbox.com.vn\/trangchu\/wp-content\/uploads\/2023\/03\/image-19.png\" alt=\"\" class=\"wp-image-326\" srcset=\"https:\/\/autoinbox.com.vn\/trangchu\/wp-content\/uploads\/2023\/03\/image-19.png 418w, https:\/\/autoinbox.com.vn\/trangchu\/wp-content\/uploads\/2023\/03\/image-19-144x300.png 144w\" sizes=\"auto, (max-width: 418px) 100vw, 418px\" \/><\/figure>\n\n\n\n<figure class=\"wp-block-image size-full\"><img loading=\"lazy\" decoding=\"async\" width=\"413\" height=\"871\" src=\"https:\/\/autoinbox.com.vn\/trangchu\/wp-content\/uploads\/2023\/03\/image-13.png\" alt=\"\" class=\"wp-image-320\" srcset=\"https:\/\/autoinbox.com.vn\/trangchu\/wp-content\/uploads\/2023\/03\/image-13.png 413w, https:\/\/autoinbox.com.vn\/trangchu\/wp-content\/uploads\/2023\/03\/image-13-142x300.png 142w\" sizes=\"auto, (max-width: 413px) 100vw, 413px\" \/><\/figure>\n\n\n\n<p>2.3 N\u1ec1n \u1ea3nh<\/p>\n\n\n\n<ul class=\"wp-block-list\">\n<li>N\u00ean ch\u1ecdn n\u1ec1n sao cho h\u00e0i h\u00f2a v\u00e0 n\u1ed5i b\u1eadt v\u1edbi c\u00e1c chi ti\u1ebft b\u00ean trong. N\u00eau c\u00e1c \u1ea3nh s\u1ea3n ph\u1ea9m l\u00e0 \u1ea3nh nhi\u1ec1u m\u00e0u th\u00ec ch\u1ecdn n\u1ec1n 1 m\u00e0u v\u00e0 c\u00f3 th\u1ec3 ch\u1ecdn chi ti\u1ebft b\u00f3ng trong Th\u00e0nh ph\u1ea7n \u0111\u1ec3 t\u1ea1o th\u00eam b\u00f3ng. V\u00ed d\u1ee5:<\/li>\n<\/ul>\n\n\n\n<figure class=\"wp-block-image size-full\"><img loading=\"lazy\" decoding=\"async\" width=\"940\" height=\"788\" src=\"https:\/\/autoinbox.com.vn\/trangchu\/wp-content\/uploads\/2023\/04\/MAU-SALE-TUI-XACH.png\" alt=\"\" class=\"wp-image-367\" srcset=\"https:\/\/autoinbox.com.vn\/trangchu\/wp-content\/uploads\/2023\/04\/MAU-SALE-TUI-XACH.png 940w, https:\/\/autoinbox.com.vn\/trangchu\/wp-content\/uploads\/2023\/04\/MAU-SALE-TUI-XACH-300x251.png 300w, https:\/\/autoinbox.com.vn\/trangchu\/wp-content\/uploads\/2023\/04\/MAU-SALE-TUI-XACH-768x644.png 768w\" sizes=\"auto, (max-width: 940px) 100vw, 940px\" \/><\/figure>\n\n\n\n<ul class=\"wp-block-list\">\n<li>Ho\u1eb7c c\u00f3 th\u1ec3 ch\u1ecdn c\u00e1c m\u1eabu Sale ho\u1eb7c m\u1eabu trong ph\u1ea7n t\u00ecm m\u1eabu \u0111\u1ec3 ch\u1ec9nh s\u1eeda sao cho ph\u00f9 h\u1ee3p v\u1edbi thi\u1ebft k\u1ebf c\u1ee7a m\u00ecnh. V\u00ed d\u1ee5:&nbsp;<\/li>\n<\/ul>\n\n\n\n<figure class=\"wp-block-image size-full\"><img loading=\"lazy\" decoding=\"async\" width=\"364\" height=\"657\" src=\"https:\/\/autoinbox.com.vn\/trangchu\/wp-content\/uploads\/2023\/03\/image-7.png\" alt=\"\" class=\"wp-image-315\" srcset=\"https:\/\/autoinbox.com.vn\/trangchu\/wp-content\/uploads\/2023\/03\/image-7.png 364w, https:\/\/autoinbox.com.vn\/trangchu\/wp-content\/uploads\/2023\/03\/image-7-166x300.png 166w\" sizes=\"auto, (max-width: 364px) 100vw, 364px\" \/><\/figure>\n\n\n\n<figure class=\"wp-block-image size-full\"><img loading=\"lazy\" decoding=\"async\" width=\"362\" height=\"656\" src=\"https:\/\/autoinbox.com.vn\/trangchu\/wp-content\/uploads\/2023\/03\/image-23.png\" alt=\"\" class=\"wp-image-330\" srcset=\"https:\/\/autoinbox.com.vn\/trangchu\/wp-content\/uploads\/2023\/03\/image-23.png 362w, https:\/\/autoinbox.com.vn\/trangchu\/wp-content\/uploads\/2023\/03\/image-23-166x300.png 166w\" sizes=\"auto, (max-width: 362px) 100vw, 362px\" \/><\/figure>\n\n\n\n<figure class=\"wp-block-image size-large\"><img loading=\"lazy\" decoding=\"async\" width=\"1024\" height=\"1024\" src=\"https:\/\/autoinbox.com.vn\/trangchu\/wp-content\/uploads\/2023\/03\/image-20-1024x1024.png\" alt=\"\" class=\"wp-image-328\" srcset=\"https:\/\/autoinbox.com.vn\/trangchu\/wp-content\/uploads\/2023\/03\/image-20-1024x1024.png 1024w, https:\/\/autoinbox.com.vn\/trangchu\/wp-content\/uploads\/2023\/03\/image-20-300x300.png 300w, https:\/\/autoinbox.com.vn\/trangchu\/wp-content\/uploads\/2023\/03\/image-20-150x150.png 150w, https:\/\/autoinbox.com.vn\/trangchu\/wp-content\/uploads\/2023\/03\/image-20-768x768.png 768w, https:\/\/autoinbox.com.vn\/trangchu\/wp-content\/uploads\/2023\/03\/image-20.png 1080w\" sizes=\"auto, (max-width: 1024px) 100vw, 1024px\" \/><\/figure>\n\n\n\n<figure class=\"wp-block-image size-large\"><img loading=\"lazy\" decoding=\"async\" width=\"1024\" height=\"1024\" src=\"https:\/\/autoinbox.com.vn\/trangchu\/wp-content\/uploads\/2023\/03\/image-27-1024x1024.png\" alt=\"\" class=\"wp-image-334\" srcset=\"https:\/\/autoinbox.com.vn\/trangchu\/wp-content\/uploads\/2023\/03\/image-27-1024x1024.png 1024w, https:\/\/autoinbox.com.vn\/trangchu\/wp-content\/uploads\/2023\/03\/image-27-300x300.png 300w, https:\/\/autoinbox.com.vn\/trangchu\/wp-content\/uploads\/2023\/03\/image-27-150x150.png 150w, https:\/\/autoinbox.com.vn\/trangchu\/wp-content\/uploads\/2023\/03\/image-27-768x768.png 768w, https:\/\/autoinbox.com.vn\/trangchu\/wp-content\/uploads\/2023\/03\/image-27.png 1080w\" sizes=\"auto, (max-width: 1024px) 100vw, 1024px\" \/><\/figure>\n\n\n\n<ol class=\"wp-block-list\" start=\"2\">\n<li>Khi down \u1ea3nh ch\u1ecdn lo\u1ea1i t\u1ec7p JPG ch\u1ea5t l\u01b0\u1ee3ng t\u1eeb 80-100 \u0111\u1ec3 c\u00f3 h\u00ecnh \u1ea3nh r\u00f5 n\u00e9t nh\u1ea5t. Ch\u00fa \u00fd khi g\u1eedi tin nh\u1eafn th\u00ec h\u00ecnh \u1ea3nh c\u00f3 k\u00edch th\u01b0\u1edbc t\u1eeb 200-500kb s\u1ebd \u0111\u1ea3m b\u1ea3o t\u1ed1c \u0111\u1ed9 g\u1eedi nhanh, hi\u1ec3n th\u1ecb s\u1eafc n\u00e9t<\/li>\n<\/ol>\n\n\n\n<figure class=\"wp-block-image size-full\"><img loading=\"lazy\" decoding=\"async\" width=\"489\" height=\"604\" src=\"https:\/\/autoinbox.com.vn\/trangchu\/wp-content\/uploads\/2023\/03\/image-10.png\" alt=\"\" class=\"wp-image-316\" srcset=\"https:\/\/autoinbox.com.vn\/trangchu\/wp-content\/uploads\/2023\/03\/image-10.png 489w, https:\/\/autoinbox.com.vn\/trangchu\/wp-content\/uploads\/2023\/03\/image-10-243x300.png 243w\" sizes=\"auto, (max-width: 489px) 100vw, 489px\" \/><\/figure>\n\n\n\n<ol class=\"wp-block-list\" start=\"3\">\n<li>M\u1ed9t s\u1ed1 m\u1eabu Canva \u0111\u1eb9p c\u00f3 th\u1ec3 tham kh\u1ea3o khi thi\u1ebft k\u1ebf:&nbsp;<\/li>\n<\/ol>\n\n\n\n<figure class=\"wp-block-image size-full\"><img loading=\"lazy\" decoding=\"async\" width=\"940\" height=\"788\" src=\"https:\/\/autoinbox.com.vn\/trangchu\/wp-content\/uploads\/2023\/03\/image-25.png\" alt=\"\" class=\"wp-image-332\" srcset=\"https:\/\/autoinbox.com.vn\/trangchu\/wp-content\/uploads\/2023\/03\/image-25.png 940w, https:\/\/autoinbox.com.vn\/trangchu\/wp-content\/uploads\/2023\/03\/image-25-300x251.png 300w, https:\/\/autoinbox.com.vn\/trangchu\/wp-content\/uploads\/2023\/03\/image-25-768x644.png 768w\" sizes=\"auto, (max-width: 940px) 100vw, 940px\" \/><\/figure>\n\n\n\n<figure class=\"wp-block-image size-full\"><img loading=\"lazy\" decoding=\"async\" width=\"940\" height=\"788\" src=\"https:\/\/autoinbox.com.vn\/trangchu\/wp-content\/uploads\/2023\/03\/image-29.png\" alt=\"\" class=\"wp-image-336\" srcset=\"https:\/\/autoinbox.com.vn\/trangchu\/wp-content\/uploads\/2023\/03\/image-29.png 940w, https:\/\/autoinbox.com.vn\/trangchu\/wp-content\/uploads\/2023\/03\/image-29-300x251.png 300w, https:\/\/autoinbox.com.vn\/trangchu\/wp-content\/uploads\/2023\/03\/image-29-768x644.png 768w\" sizes=\"auto, (max-width: 940px) 100vw, 940px\" \/><\/figure>\n\n\n\n<figure class=\"wp-block-image size-large\"><img loading=\"lazy\" decoding=\"async\" width=\"1024\" height=\"1024\" src=\"https:\/\/autoinbox.com.vn\/trangchu\/wp-content\/uploads\/2023\/04\/30.04-1-1024x1024.png\" alt=\"\" class=\"wp-image-368\" srcset=\"https:\/\/autoinbox.com.vn\/trangchu\/wp-content\/uploads\/2023\/04\/30.04-1-1024x1024.png 1024w, https:\/\/autoinbox.com.vn\/trangchu\/wp-content\/uploads\/2023\/04\/30.04-1-300x300.png 300w, https:\/\/autoinbox.com.vn\/trangchu\/wp-content\/uploads\/2023\/04\/30.04-1-150x150.png 150w, https:\/\/autoinbox.com.vn\/trangchu\/wp-content\/uploads\/2023\/04\/30.04-1-768x768.png 768w, https:\/\/autoinbox.com.vn\/trangchu\/wp-content\/uploads\/2023\/04\/30.04-1.png 1500w\" sizes=\"auto, (max-width: 1024px) 100vw, 1024px\" \/><\/figure>\n\n\n\n<figure class=\"wp-block-image size-large\"><img loading=\"lazy\" decoding=\"async\" width=\"576\" height=\"1024\" src=\"https:\/\/autoinbox.com.vn\/trangchu\/wp-content\/uploads\/2023\/03\/image-26-576x1024.png\" alt=\"\" class=\"wp-image-333\" srcset=\"https:\/\/autoinbox.com.vn\/trangchu\/wp-content\/uploads\/2023\/03\/image-26-576x1024.png 576w, https:\/\/autoinbox.com.vn\/trangchu\/wp-content\/uploads\/2023\/03\/image-26-169x300.png 169w, https:\/\/autoinbox.com.vn\/trangchu\/wp-content\/uploads\/2023\/03\/image-26-768x1365.png 768w, https:\/\/autoinbox.com.vn\/trangchu\/wp-content\/uploads\/2023\/03\/image-26-864x1536.png 864w, https:\/\/autoinbox.com.vn\/trangchu\/wp-content\/uploads\/2023\/03\/image-26.png 900w\" sizes=\"auto, (max-width: 576px) 100vw, 576px\" \/><\/figure>\n\n\n\n<figure class=\"wp-block-image size-large\"><img loading=\"lazy\" decoding=\"async\" width=\"724\" height=\"1024\" src=\"https:\/\/autoinbox.com.vn\/trangchu\/wp-content\/uploads\/2023\/03\/image-31-724x1024.png\" alt=\"\" class=\"wp-image-338\" srcset=\"https:\/\/autoinbox.com.vn\/trangchu\/wp-content\/uploads\/2023\/03\/image-31-724x1024.png 724w, https:\/\/autoinbox.com.vn\/trangchu\/wp-content\/uploads\/2023\/03\/image-31-212x300.png 212w, https:\/\/autoinbox.com.vn\/trangchu\/wp-content\/uploads\/2023\/03\/image-31-768x1086.png 768w, https:\/\/autoinbox.com.vn\/trangchu\/wp-content\/uploads\/2023\/03\/image-31-1086x1536.png 1086w, https:\/\/autoinbox.com.vn\/trangchu\/wp-content\/uploads\/2023\/03\/image-31.png 1131w\" sizes=\"auto, (max-width: 724px) 100vw, 724px\" \/><\/figure>\n\n\n\n<figure class=\"wp-block-image size-large\"><img loading=\"lazy\" decoding=\"async\" width=\"1024\" height=\"1024\" src=\"https:\/\/autoinbox.com.vn\/trangchu\/wp-content\/uploads\/2023\/04\/MAU-QUET-MA-QR-1024x1024.png\" alt=\"\" class=\"wp-image-369\" srcset=\"https:\/\/autoinbox.com.vn\/trangchu\/wp-content\/uploads\/2023\/04\/MAU-QUET-MA-QR-1024x1024.png 1024w, https:\/\/autoinbox.com.vn\/trangchu\/wp-content\/uploads\/2023\/04\/MAU-QUET-MA-QR-300x300.png 300w, https:\/\/autoinbox.com.vn\/trangchu\/wp-content\/uploads\/2023\/04\/MAU-QUET-MA-QR-150x150.png 150w, https:\/\/autoinbox.com.vn\/trangchu\/wp-content\/uploads\/2023\/04\/MAU-QUET-MA-QR-768x768.png 768w, https:\/\/autoinbox.com.vn\/trangchu\/wp-content\/uploads\/2023\/04\/MAU-QUET-MA-QR.png 1080w\" sizes=\"auto, (max-width: 1024px) 100vw, 1024px\" \/><\/figure>\n\n\n\n<figure class=\"wp-block-image size-large\"><img loading=\"lazy\" decoding=\"async\" width=\"1024\" height=\"1024\" src=\"https:\/\/autoinbox.com.vn\/trangchu\/wp-content\/uploads\/2023\/04\/MAU-30-4-MUA-1-TANG-1-1024x1024.png\" alt=\"\" class=\"wp-image-370\" srcset=\"https:\/\/autoinbox.com.vn\/trangchu\/wp-content\/uploads\/2023\/04\/MAU-30-4-MUA-1-TANG-1-1024x1024.png 1024w, https:\/\/autoinbox.com.vn\/trangchu\/wp-content\/uploads\/2023\/04\/MAU-30-4-MUA-1-TANG-1-300x300.png 300w, https:\/\/autoinbox.com.vn\/trangchu\/wp-content\/uploads\/2023\/04\/MAU-30-4-MUA-1-TANG-1-150x150.png 150w, https:\/\/autoinbox.com.vn\/trangchu\/wp-content\/uploads\/2023\/04\/MAU-30-4-MUA-1-TANG-1-768x768.png 768w, https:\/\/autoinbox.com.vn\/trangchu\/wp-content\/uploads\/2023\/04\/MAU-30-4-MUA-1-TANG-1.png 1080w\" sizes=\"auto, (max-width: 1024px) 100vw, 1024px\" \/><\/figure>\n\n\n\n<figure class=\"wp-block-image size-large\"><img loading=\"lazy\" decoding=\"async\" width=\"1024\" height=\"1024\" src=\"https:\/\/autoinbox.com.vn\/trangchu\/wp-content\/uploads\/2023\/04\/Yellow-Big-Sale-Twibbon-Instagram-Post-1024x1024.png\" alt=\"\" class=\"wp-image-371\" srcset=\"https:\/\/autoinbox.com.vn\/trangchu\/wp-content\/uploads\/2023\/04\/Yellow-Big-Sale-Twibbon-Instagram-Post-1024x1024.png 1024w, https:\/\/autoinbox.com.vn\/trangchu\/wp-content\/uploads\/2023\/04\/Yellow-Big-Sale-Twibbon-Instagram-Post-300x300.png 300w, https:\/\/autoinbox.com.vn\/trangchu\/wp-content\/uploads\/2023\/04\/Yellow-Big-Sale-Twibbon-Instagram-Post-150x150.png 150w, https:\/\/autoinbox.com.vn\/trangchu\/wp-content\/uploads\/2023\/04\/Yellow-Big-Sale-Twibbon-Instagram-Post-768x768.png 768w, https:\/\/autoinbox.com.vn\/trangchu\/wp-content\/uploads\/2023\/04\/Yellow-Big-Sale-Twibbon-Instagram-Post.png 1080w\" sizes=\"auto, (max-width: 1024px) 100vw, 1024px\" \/><\/figure>\n\n\n\n<p>C\u00e1c m\u1eabu Font ch\u1eef \u0111\u1eb9p<\/p>\n\n\n\n<figure class=\"wp-block-image size-large\"><img loading=\"lazy\" decoding=\"async\" width=\"1024\" height=\"814\" src=\"https:\/\/autoinbox.com.vn\/trangchu\/wp-content\/uploads\/2023\/04\/Autoinbox.vn-Gui-Tin-Nhan-Hang-Loat-tren-fanpage-1024x814.png\" alt=\"\" class=\"wp-image-373\" srcset=\"https:\/\/autoinbox.com.vn\/trangchu\/wp-content\/uploads\/2023\/04\/Autoinbox.vn-Gui-Tin-Nhan-Hang-Loat-tren-fanpage-1024x814.png 1024w, https:\/\/autoinbox.com.vn\/trangchu\/wp-content\/uploads\/2023\/04\/Autoinbox.vn-Gui-Tin-Nhan-Hang-Loat-tren-fanpage-300x238.png 300w, https:\/\/autoinbox.com.vn\/trangchu\/wp-content\/uploads\/2023\/04\/Autoinbox.vn-Gui-Tin-Nhan-Hang-Loat-tren-fanpage-768x610.png 768w, https:\/\/autoinbox.com.vn\/trangchu\/wp-content\/uploads\/2023\/04\/Autoinbox.vn-Gui-Tin-Nhan-Hang-Loat-tren-fanpage.png 1414w\" sizes=\"auto, (max-width: 1024px) 100vw, 1024px\" \/><\/figure>\n\n\n\n<p><\/p>\n","protected":false},"excerpt":{"rendered":"<p>H\u1ea7u h\u1ebft kh\u00e1ch h\u00e0ng s\u1eed d\u1ee5ng Facebook tr\u00ean \u0111i\u1ec7n tho\u1ea1i n\u00ean khi thi\u1ebft k\u1ebf \u1ea3nh c\u1ea7n ch\u00fa \u00fd v\u1ec1 k\u00edch th\u01b0\u1edbc \u0111\u1ec3 khi nh\u1eadn \u0111\u01b0\u1ee3c \u1ea3nh kh\u00e1ch xem \u0111\u01b0\u1ee3c to r\u00f5 r\u00e0ng nh\u1ea5t, d\u01b0\u1edbi \u0111\u00e2y l\u00e0 c\u00e1c v\u00ed d\u1ee5 minh hoa khi kh\u00e1ch h\u00e0ng nh\u1eadn \u0111\u01b0\u1ee3c \u1ea3nh: V\u1edbi 3 v\u00ed d\u1ee5 tr\u00ean c\u00f3 th\u1ec3 th\u1ea5y [&hellip;]<\/p>\n","protected":false},"author":2,"featured_media":0,"parent":0,"menu_order":0,"comment_status":"closed","ping_status":"closed","template":"","meta":{"footnotes":""},"class_list":["post-310","page","type-page","status-publish","hentry"],"_links":{"self":[{"href":"https:\/\/autoinbox.com.vn\/trangchu\/wp-json\/wp\/v2\/pages\/310","targetHints":{"allow":["GET"]}}],"collection":[{"href":"https:\/\/autoinbox.com.vn\/trangchu\/wp-json\/wp\/v2\/pages"}],"about":[{"href":"https:\/\/autoinbox.com.vn\/trangchu\/wp-json\/wp\/v2\/types\/page"}],"author":[{"embeddable":true,"href":"https:\/\/autoinbox.com.vn\/trangchu\/wp-json\/wp\/v2\/users\/2"}],"replies":[{"embeddable":true,"href":"https:\/\/autoinbox.com.vn\/trangchu\/wp-json\/wp\/v2\/comments?post=310"}],"version-history":[{"count":4,"href":"https:\/\/autoinbox.com.vn\/trangchu\/wp-json\/wp\/v2\/pages\/310\/revisions"}],"predecessor-version":[{"id":374,"href":"https:\/\/autoinbox.com.vn\/trangchu\/wp-json\/wp\/v2\/pages\/310\/revisions\/374"}],"wp:attachment":[{"href":"https:\/\/autoinbox.com.vn\/trangchu\/wp-json\/wp\/v2\/media?parent=310"}],"curies":[{"name":"wp","href":"https:\/\/api.w.org\/{rel}","templated":true}]}}