{"id":259,"date":"2022-12-15T08:11:57","date_gmt":"2022-12-15T08:11:57","guid":{"rendered":"https:\/\/autoinbox.com.vn\/trangchu\/?page_id=259"},"modified":"2023-04-11T05:35:30","modified_gmt":"2023-04-11T05:35:30","slug":"tong-hop-hdsd-autoinbox","status":"publish","type":"page","link":"https:\/\/autoinbox.com.vn\/trangchu\/tong-hop-hdsd-autoinbox\/","title":{"rendered":"T\u1ed5ng h\u1ee3p HDSD Autoinbox"},"content":{"rendered":"\n<p>Ch\u00e0o b\u1ea1n, c\u1ea3m \u01a1n b\u1ea1n \u0111\u00e3 tin t\u01b0\u1edfng s\u1eed d\u1ee5ng ph\u1ea7n m\u1ec1m Autooinbox.<\/p>\n\n\n\n<p>D\u01b0\u1edbi \u0111\u00e2y l\u00e0 c\u00e1c link HDSD t\u1eebng b\u01b0\u1edbc \u0111\u00e3 \u0111\u01b0\u1ee3c chia nh\u1ecf b\u00ean d\u01b0\u1edbi, b\u1ea1n c\u00f3 th\u1ec3 \u1ea5n v\u00e0o ph\u1ea7n mu\u1ed1n xem \u0111\u1ec3 xem chi ti\u1ebft h\u01b0\u1edbng d\u1eabn s\u1eed d\u1ee5ng cho ph\u1ea7n b\u1ea1n c\u1ea7n thao t\u00e1c. N\u1ebfu c\u00f2n g\u00ec ch\u01b0a r\u00f5 vui l\u00f2ng nh\u1eafn tin tr\u1ef1c ti\u1ebfp trong nh\u00f3m ZALO \u0111\u1ec3 \u0111\u01b0\u1ee3c h\u1ed7 tr\u1ee3 nhanh nh\u1ea5t. <\/p>\n\n\n\n<p class=\"has-white-background-color has-background\"><\/p>\n","protected":false},"excerpt":{"rendered":"<p>Ch\u00e0o b\u1ea1n, c\u1ea3m \u01a1n b\u1ea1n \u0111\u00e3 tin t\u01b0\u1edfng s\u1eed d\u1ee5ng ph\u1ea7n m\u1ec1m Autooinbox. D\u01b0\u1edbi \u0111\u00e2y l\u00e0 c\u00e1c link HDSD t\u1eebng b\u01b0\u1edbc \u0111\u00e3 \u0111\u01b0\u1ee3c chia nh\u1ecf b\u00ean d\u01b0\u1edbi, b\u1ea1n c\u00f3 th\u1ec3 \u1ea5n v\u00e0o ph\u1ea7n mu\u1ed1n xem \u0111\u1ec3 xem chi ti\u1ebft h\u01b0\u1edbng d\u1eabn s\u1eed d\u1ee5ng cho ph\u1ea7n b\u1ea1n c\u1ea7n thao t\u00e1c. N\u1ebfu c\u00f2n g\u00ec ch\u01b0a r\u00f5 vui [&hellip;]<\/p>\n","protected":false},"author":2,"featured_media":0,"parent":0,"menu_order":0,"comment_status":"closed","ping_status":"closed","template":"","meta":{"footnotes":""},"class_list":["post-259","page","type-page","status-publish","hentry"],"_links":{"self":[{"href":"https:\/\/autoinbox.com.vn\/trangchu\/wp-json\/wp\/v2\/pages\/259","targetHints":{"allow":["GET"]}}],"collection":[{"href":"https:\/\/autoinbox.com.vn\/trangchu\/wp-json\/wp\/v2\/pages"}],"about":[{"href":"https:\/\/autoinbox.com.vn\/trangchu\/wp-json\/wp\/v2\/types\/page"}],"author":[{"embeddable":true,"href":"https:\/\/autoinbox.com.vn\/trangchu\/wp-json\/wp\/v2\/users\/2"}],"replies":[{"embeddable":true,"href":"https:\/\/autoinbox.com.vn\/trangchu\/wp-json\/wp\/v2\/comments?post=259"}],"version-history":[{"count":4,"href":"https:\/\/autoinbox.com.vn\/trangchu\/wp-json\/wp\/v2\/pages\/259\/revisions"}],"predecessor-version":[{"id":350,"href":"https:\/\/autoinbox.com.vn\/trangchu\/wp-json\/wp\/v2\/pages\/259\/revisions\/350"}],"wp:attachment":[{"href":"https:\/\/autoinbox.com.vn\/trangchu\/wp-json\/wp\/v2\/media?parent=259"}],"curies":[{"name":"wp","href":"https:\/\/api.w.org\/{rel}","templated":true}]}}