{"id":164,"date":"2022-08-08T05:22:04","date_gmt":"2022-08-08T05:22:04","guid":{"rendered":"https:\/\/autoinbox.com.vn\/trangchu\/?page_id=164"},"modified":"2022-08-08T05:22:04","modified_gmt":"2022-08-08T05:22:04","slug":"hdsd-loc-data","status":"publish","type":"page","link":"https:\/\/autoinbox.com.vn\/trangchu\/hdsd-loc-data\/","title":{"rendered":"HDSD &#8211; L\u1ecdc data"},"content":{"rendered":"\n<figure class=\"wp-block-pullquote\"><blockquote><p><strong>Facebook ch\u1ec9 cho l\u1ecdc t\u1ed1i \u0111a tr\u00ean 1 nick 8000 data 1 ng\u00e0y. N\u1ebfu b\u1ea1n c\u00f3 nhu c\u1ea7u l\u1ecdc nhi\u1ec1u h\u01a1n th\u00ec h\u00e3y s\u1eed d\u1ee5ng nhi\u1ec1u nick Facebook \u0111\u1ec3 l\u1ecdc lu\u00e2n phi\u00ean!<\/strong><\/p><\/blockquote><\/figure>\n\n\n\n<h2 class=\"wp-block-heading\">I. Nh\u1eadp data v\u00e0o \u0111\u1ec3 l\u1ecdc<\/h2>\n\n\n\n<p><strong>C\u00e1ch 1:<\/strong> sau khi qu\u00e9t ho\u1eb7c l\u1ea5y danh s\u00e1ch ng nh\u1eafn xong, n\u1ebfu c\u00f3 nhu c\u1ea7u l\u1ecdc S\u0110T ho\u1eb7c t\u1eeb kh\u00f3a th\u00ec \u1ea5n <strong>L\u1eccC<\/strong><\/p>\n\n\n\n<figure class=\"wp-block-image size-large\"><img loading=\"lazy\" decoding=\"async\" width=\"1024\" height=\"576\" src=\"https:\/\/autoinbox.com.vn\/trangchu\/wp-content\/uploads\/2022\/08\/Dang-nhap-Buoc-1-Mo-trinh-duyet-Google-Chrome-truy-cap-trang-web-autoinbox.vn-1-1-1024x576.jpg\" alt=\"\" class=\"wp-image-165\" srcset=\"https:\/\/autoinbox.com.vn\/trangchu\/wp-content\/uploads\/2022\/08\/Dang-nhap-Buoc-1-Mo-trinh-duyet-Google-Chrome-truy-cap-trang-web-autoinbox.vn-1-1-1024x576.jpg 1024w, https:\/\/autoinbox.com.vn\/trangchu\/wp-content\/uploads\/2022\/08\/Dang-nhap-Buoc-1-Mo-trinh-duyet-Google-Chrome-truy-cap-trang-web-autoinbox.vn-1-1-300x169.jpg 300w, https:\/\/autoinbox.com.vn\/trangchu\/wp-content\/uploads\/2022\/08\/Dang-nhap-Buoc-1-Mo-trinh-duyet-Google-Chrome-truy-cap-trang-web-autoinbox.vn-1-1-768x432.jpg 768w, https:\/\/autoinbox.com.vn\/trangchu\/wp-content\/uploads\/2022\/08\/Dang-nhap-Buoc-1-Mo-trinh-duyet-Google-Chrome-truy-cap-trang-web-autoinbox.vn-1-1-1536x864.jpg 1536w, https:\/\/autoinbox.com.vn\/trangchu\/wp-content\/uploads\/2022\/08\/Dang-nhap-Buoc-1-Mo-trinh-duyet-Google-Chrome-truy-cap-trang-web-autoinbox.vn-1-1.jpg 1920w\" sizes=\"auto, (max-width: 1024px) 100vw, 1024px\" \/><\/figure>\n\n\n\n<p>M\u00e0n h\u00ecnh hi\u1ec7n nh\u01b0 n\u00e0y l\u00e0 h\u1ec7 th\u1ed1ng \u0111\u00e3 \u0111\u1ea9y th\u00e0nh c\u00f4ng data xu\u1ed1ng<\/p>\n\n\n\n<figure class=\"wp-block-image size-large\"><img loading=\"lazy\" decoding=\"async\" width=\"1024\" height=\"576\" src=\"https:\/\/autoinbox.com.vn\/trangchu\/wp-content\/uploads\/2022\/08\/HDSD-Nhap-data-vao-de-loc-3-1024x576.jpg\" alt=\"\" class=\"wp-image-166\" srcset=\"https:\/\/autoinbox.com.vn\/trangchu\/wp-content\/uploads\/2022\/08\/HDSD-Nhap-data-vao-de-loc-3-1024x576.jpg 1024w, https:\/\/autoinbox.com.vn\/trangchu\/wp-content\/uploads\/2022\/08\/HDSD-Nhap-data-vao-de-loc-3-300x169.jpg 300w, https:\/\/autoinbox.com.vn\/trangchu\/wp-content\/uploads\/2022\/08\/HDSD-Nhap-data-vao-de-loc-3-768x432.jpg 768w, https:\/\/autoinbox.com.vn\/trangchu\/wp-content\/uploads\/2022\/08\/HDSD-Nhap-data-vao-de-loc-3-1536x864.jpg 1536w, https:\/\/autoinbox.com.vn\/trangchu\/wp-content\/uploads\/2022\/08\/HDSD-Nhap-data-vao-de-loc-3.jpg 1920w\" sizes=\"auto, (max-width: 1024px) 100vw, 1024px\" \/><\/figure>\n\n\n\n<p><strong>C\u00e1ch 2:<\/strong> B\u00f4i \u0111en (ho\u1eb7c \u1ea5n ph\u00edm Ctrl+A) v\u00e0 nh\u1ea5n copy (Ctrl+C) data trong file n\u00e0y ( \u0110\u1ed1i v\u1edbi data qu\u00e9t \u0111\u01b0\u1ee3c >8000 l\u01b0u v\u00e0o Excel r\u1ed3i chia data cho nick kh\u00e1c \u0111\u1ec3 l\u1ecdc)<\/p>\n\n\n\n<figure class=\"wp-block-image size-large\"><img loading=\"lazy\" decoding=\"async\" width=\"1024\" height=\"576\" src=\"https:\/\/autoinbox.com.vn\/trangchu\/wp-content\/uploads\/2022\/08\/Dang-nhap-Buoc-1-Mo-trinh-duyet-Google-Chrome-truy-cap-trang-web-autoinbox.vn-2-1-1024x576.jpg\" alt=\"\" class=\"wp-image-167\" srcset=\"https:\/\/autoinbox.com.vn\/trangchu\/wp-content\/uploads\/2022\/08\/Dang-nhap-Buoc-1-Mo-trinh-duyet-Google-Chrome-truy-cap-trang-web-autoinbox.vn-2-1-1024x576.jpg 1024w, https:\/\/autoinbox.com.vn\/trangchu\/wp-content\/uploads\/2022\/08\/Dang-nhap-Buoc-1-Mo-trinh-duyet-Google-Chrome-truy-cap-trang-web-autoinbox.vn-2-1-300x169.jpg 300w, https:\/\/autoinbox.com.vn\/trangchu\/wp-content\/uploads\/2022\/08\/Dang-nhap-Buoc-1-Mo-trinh-duyet-Google-Chrome-truy-cap-trang-web-autoinbox.vn-2-1-768x432.jpg 768w, https:\/\/autoinbox.com.vn\/trangchu\/wp-content\/uploads\/2022\/08\/Dang-nhap-Buoc-1-Mo-trinh-duyet-Google-Chrome-truy-cap-trang-web-autoinbox.vn-2-1-1536x864.jpg 1536w, https:\/\/autoinbox.com.vn\/trangchu\/wp-content\/uploads\/2022\/08\/Dang-nhap-Buoc-1-Mo-trinh-duyet-Google-Chrome-truy-cap-trang-web-autoinbox.vn-2-1.jpg 1920w\" sizes=\"auto, (max-width: 1024px) 100vw, 1024px\" \/><\/figure>\n\n\n\n<p>Nh\u1ea5n Paste v\u00e0o \u0111\u00e2y<\/p>\n\n\n\n<figure class=\"wp-block-image size-large\"><img loading=\"lazy\" decoding=\"async\" width=\"1024\" height=\"576\" src=\"https:\/\/autoinbox.com.vn\/trangchu\/wp-content\/uploads\/2022\/08\/HDSD-Nhap-data-vao-de-loc-1024x576.jpg\" alt=\"\" class=\"wp-image-168\" srcset=\"https:\/\/autoinbox.com.vn\/trangchu\/wp-content\/uploads\/2022\/08\/HDSD-Nhap-data-vao-de-loc-1024x576.jpg 1024w, https:\/\/autoinbox.com.vn\/trangchu\/wp-content\/uploads\/2022\/08\/HDSD-Nhap-data-vao-de-loc-300x169.jpg 300w, https:\/\/autoinbox.com.vn\/trangchu\/wp-content\/uploads\/2022\/08\/HDSD-Nhap-data-vao-de-loc-768x432.jpg 768w, https:\/\/autoinbox.com.vn\/trangchu\/wp-content\/uploads\/2022\/08\/HDSD-Nhap-data-vao-de-loc-1536x864.jpg 1536w, https:\/\/autoinbox.com.vn\/trangchu\/wp-content\/uploads\/2022\/08\/HDSD-Nhap-data-vao-de-loc.jpg 1920w\" sizes=\"auto, (max-width: 1024px) 100vw, 1024px\" \/><\/figure>\n\n\n\n<p><strong>C\u00e1ch 3:<\/strong> N\u1ebfu b\u1ea1n \u0111\u00e3 l\u01b0u s\u1eb5n file data \u0111\u00e3 qu\u00e9t \u0111\u01b0\u1ee3c trong m\u00e1y b\u1ea1n ch\u1ec9 c\u1ea7n thao t\u00e1c nh\u1eadp b\u1eb1ng c\u00e1ch<br>1 &#8211; Ch\u1ecdn page<br>2 &#8211; Coppy v\u00e0 d\u00e1n data v\u00e0o \u00f4 Nh\u1eadp v\u00e0o data \u0111\u1ec3 l\u1ecdc<\/p>\n\n\n\n<figure class=\"wp-block-image size-large\"><img loading=\"lazy\" decoding=\"async\" width=\"1024\" height=\"576\" src=\"https:\/\/autoinbox.com.vn\/trangchu\/wp-content\/uploads\/2022\/08\/HDSD-Nhap-data-vao-de-loc-2-1024x576.jpg\" alt=\"\" class=\"wp-image-169\" srcset=\"https:\/\/autoinbox.com.vn\/trangchu\/wp-content\/uploads\/2022\/08\/HDSD-Nhap-data-vao-de-loc-2-1024x576.jpg 1024w, https:\/\/autoinbox.com.vn\/trangchu\/wp-content\/uploads\/2022\/08\/HDSD-Nhap-data-vao-de-loc-2-300x169.jpg 300w, https:\/\/autoinbox.com.vn\/trangchu\/wp-content\/uploads\/2022\/08\/HDSD-Nhap-data-vao-de-loc-2-768x432.jpg 768w, https:\/\/autoinbox.com.vn\/trangchu\/wp-content\/uploads\/2022\/08\/HDSD-Nhap-data-vao-de-loc-2-1536x864.jpg 1536w, https:\/\/autoinbox.com.vn\/trangchu\/wp-content\/uploads\/2022\/08\/HDSD-Nhap-data-vao-de-loc-2.jpg 1920w\" sizes=\"auto, (max-width: 1024px) 100vw, 1024px\" \/><\/figure>\n\n\n\n<h2 class=\"wp-block-heading\">II, L\u1ecdc data<\/h2>\n\n\n\n<ul class=\"wp-block-list\"><li>N\u1ebfu mu\u1ed1n b\u1ecf qua nh\u1eefng ng\u01b0\u1eddi \u0111\u00e3 nh\u1eadn tin nh\u1eafn c\u1ee7a page m\u00e0 kh\u00f4ng tr\u1ea3 l\u1eddi b\u1ea1n t\u00edch v\u00e0o \u0111\u00e2y. <\/li><li>N\u1ebfu b\u1ea1n mu\u1ed1n l\u1ecdc h\u1ebft page c\u00f3 th\u1ec3 b\u1ecf qua b\u01b0\u1edbc n\u00e0y.<\/li><\/ul>\n\n\n\n<figure class=\"wp-block-image size-large\"><img loading=\"lazy\" decoding=\"async\" width=\"1024\" height=\"576\" src=\"https:\/\/autoinbox.com.vn\/trangchu\/wp-content\/uploads\/2022\/08\/HDSD-Loc-data-1024x576.jpg\" alt=\"\" class=\"wp-image-170\" srcset=\"https:\/\/autoinbox.com.vn\/trangchu\/wp-content\/uploads\/2022\/08\/HDSD-Loc-data-1024x576.jpg 1024w, https:\/\/autoinbox.com.vn\/trangchu\/wp-content\/uploads\/2022\/08\/HDSD-Loc-data-300x169.jpg 300w, https:\/\/autoinbox.com.vn\/trangchu\/wp-content\/uploads\/2022\/08\/HDSD-Loc-data-768x432.jpg 768w, https:\/\/autoinbox.com.vn\/trangchu\/wp-content\/uploads\/2022\/08\/HDSD-Loc-data-1536x864.jpg 1536w, https:\/\/autoinbox.com.vn\/trangchu\/wp-content\/uploads\/2022\/08\/HDSD-Loc-data.jpg 1920w\" sizes=\"auto, (max-width: 1024px) 100vw, 1024px\" \/><\/figure>\n\n\n\n<p>Sau \u0111\u00f3 nh\u1eadp s\u1ed1 tin kh\u00e1ch \u0111\u00e3 nh\u1eadn m\u00e0 kh\u00f4ng tr\u1ea3 l\u1eddi v\u00e0o \u0111\u00e2y<\/p>\n\n\n\n<figure class=\"wp-block-image size-large\"><img loading=\"lazy\" decoding=\"async\" width=\"1024\" height=\"576\" src=\"https:\/\/autoinbox.com.vn\/trangchu\/wp-content\/uploads\/2022\/08\/55-1024x576.jpg\" alt=\"\" class=\"wp-image-171\" srcset=\"https:\/\/autoinbox.com.vn\/trangchu\/wp-content\/uploads\/2022\/08\/55-1024x576.jpg 1024w, https:\/\/autoinbox.com.vn\/trangchu\/wp-content\/uploads\/2022\/08\/55-300x169.jpg 300w, https:\/\/autoinbox.com.vn\/trangchu\/wp-content\/uploads\/2022\/08\/55-768x432.jpg 768w, https:\/\/autoinbox.com.vn\/trangchu\/wp-content\/uploads\/2022\/08\/55-1536x864.jpg 1536w, https:\/\/autoinbox.com.vn\/trangchu\/wp-content\/uploads\/2022\/08\/55.jpg 1920w\" sizes=\"auto, (max-width: 1024px) 100vw, 1024px\" \/><\/figure>\n\n\n\n<p><strong>B\u01b0\u1edbc 1<\/strong>: C\u00f3 3 d\u1ea1ng l\u1ecdc, b\u1ea1n mu\u1ed1n l\u1ecdc theo \u0111i\u1ec1u ki\u1ec7n n\u00e0o th\u00ec t\u00edch ch\u1ecdn 1 trong 3 l\u1ef1a ch\u1ecdn<\/p>\n\n\n\n<figure class=\"wp-block-image size-large\"><img loading=\"lazy\" decoding=\"async\" width=\"1024\" height=\"576\" src=\"https:\/\/autoinbox.com.vn\/trangchu\/wp-content\/uploads\/2022\/08\/HDSD-Loc-khach-da-de-lai-SDT-va-chua-de-lai-SDT-1-1024x576.jpg\" alt=\"\" class=\"wp-image-174\" srcset=\"https:\/\/autoinbox.com.vn\/trangchu\/wp-content\/uploads\/2022\/08\/HDSD-Loc-khach-da-de-lai-SDT-va-chua-de-lai-SDT-1-1024x576.jpg 1024w, https:\/\/autoinbox.com.vn\/trangchu\/wp-content\/uploads\/2022\/08\/HDSD-Loc-khach-da-de-lai-SDT-va-chua-de-lai-SDT-1-300x169.jpg 300w, https:\/\/autoinbox.com.vn\/trangchu\/wp-content\/uploads\/2022\/08\/HDSD-Loc-khach-da-de-lai-SDT-va-chua-de-lai-SDT-1-768x432.jpg 768w, https:\/\/autoinbox.com.vn\/trangchu\/wp-content\/uploads\/2022\/08\/HDSD-Loc-khach-da-de-lai-SDT-va-chua-de-lai-SDT-1-1536x864.jpg 1536w, https:\/\/autoinbox.com.vn\/trangchu\/wp-content\/uploads\/2022\/08\/HDSD-Loc-khach-da-de-lai-SDT-va-chua-de-lai-SDT-1.jpg 1920w\" sizes=\"auto, (max-width: 1024px) 100vw, 1024px\" \/><\/figure>\n\n\n\n<p><strong>B\u01b0\u1edbc 2:<\/strong><\/p>\n\n\n\n<ul class=\"wp-block-list\"><li>N\u1ebfu b\u1ea1n mu\u1ed1n l\u1ecdc theo S\u0110T qu\u1ed1c t\u1ebf t\u00edch v\u00e0o \u0111\u00e2y, n\u1ebfu ko th\u00ec ch\u1ecdn S\u0110T<\/li><li>N\u1ebfu b\u1ea1n mu\u1ed1n ch\u1ecdn theo gi\u1edbi t\u00ednh th\u00ec nh\u1ea5n ch\u1ecdn gi\u1edbi t\u00ednh b\u1ea1n mu\u1ed1n l\u1ecdc<\/li><\/ul>\n\n\n\n<figure class=\"wp-block-image size-large\"><img loading=\"lazy\" decoding=\"async\" width=\"1024\" height=\"576\" src=\"https:\/\/autoinbox.com.vn\/trangchu\/wp-content\/uploads\/2022\/08\/HDSD-Loc-khach-da-de-lai-SDT-va-chua-de-lai-SDT-2-2-1024x576.jpg\" alt=\"\" class=\"wp-image-176\" srcset=\"https:\/\/autoinbox.com.vn\/trangchu\/wp-content\/uploads\/2022\/08\/HDSD-Loc-khach-da-de-lai-SDT-va-chua-de-lai-SDT-2-2-1024x576.jpg 1024w, https:\/\/autoinbox.com.vn\/trangchu\/wp-content\/uploads\/2022\/08\/HDSD-Loc-khach-da-de-lai-SDT-va-chua-de-lai-SDT-2-2-300x169.jpg 300w, https:\/\/autoinbox.com.vn\/trangchu\/wp-content\/uploads\/2022\/08\/HDSD-Loc-khach-da-de-lai-SDT-va-chua-de-lai-SDT-2-2-768x432.jpg 768w, https:\/\/autoinbox.com.vn\/trangchu\/wp-content\/uploads\/2022\/08\/HDSD-Loc-khach-da-de-lai-SDT-va-chua-de-lai-SDT-2-2-1536x864.jpg 1536w, https:\/\/autoinbox.com.vn\/trangchu\/wp-content\/uploads\/2022\/08\/HDSD-Loc-khach-da-de-lai-SDT-va-chua-de-lai-SDT-2-2.jpg 1920w\" sizes=\"auto, (max-width: 1024px) 100vw, 1024px\" \/><\/figure>\n\n\n\n<p><strong>B\u01b0\u1edbc 3:<\/strong> Ch\u1ecdn ki\u1ec3u l\u1ecdc m\u00e0 b\u1ea1n mong mu\u1ed1n<\/p>\n\n\n\n<figure class=\"wp-block-image size-large\"><img loading=\"lazy\" decoding=\"async\" width=\"1024\" height=\"576\" src=\"https:\/\/autoinbox.com.vn\/trangchu\/wp-content\/uploads\/2022\/08\/HDSD-Loc-khach-da-de-lai-SDT-va-chua-de-lai-SDT-3-1024x576.jpg\" alt=\"\" class=\"wp-image-177\" srcset=\"https:\/\/autoinbox.com.vn\/trangchu\/wp-content\/uploads\/2022\/08\/HDSD-Loc-khach-da-de-lai-SDT-va-chua-de-lai-SDT-3-1024x576.jpg 1024w, https:\/\/autoinbox.com.vn\/trangchu\/wp-content\/uploads\/2022\/08\/HDSD-Loc-khach-da-de-lai-SDT-va-chua-de-lai-SDT-3-300x169.jpg 300w, https:\/\/autoinbox.com.vn\/trangchu\/wp-content\/uploads\/2022\/08\/HDSD-Loc-khach-da-de-lai-SDT-va-chua-de-lai-SDT-3-768x432.jpg 768w, https:\/\/autoinbox.com.vn\/trangchu\/wp-content\/uploads\/2022\/08\/HDSD-Loc-khach-da-de-lai-SDT-va-chua-de-lai-SDT-3-1536x864.jpg 1536w, https:\/\/autoinbox.com.vn\/trangchu\/wp-content\/uploads\/2022\/08\/HDSD-Loc-khach-da-de-lai-SDT-va-chua-de-lai-SDT-3.jpg 1920w\" sizes=\"auto, (max-width: 1024px) 100vw, 1024px\" \/><\/figure>\n\n\n\n<p><strong>B\u01b0\u1edbc 4:<\/strong> Ch\u1ecdn <strong>L\u1eccC<\/strong><\/p>\n\n\n\n<figure class=\"wp-block-image size-large\"><img loading=\"lazy\" decoding=\"async\" width=\"1024\" height=\"576\" src=\"https:\/\/autoinbox.com.vn\/trangchu\/wp-content\/uploads\/2022\/08\/HDSD-Loc-khach-da-de-lai-SDT-va-chua-de-lai-SDT-4-1024x576.jpg\" alt=\"\" class=\"wp-image-178\" srcset=\"https:\/\/autoinbox.com.vn\/trangchu\/wp-content\/uploads\/2022\/08\/HDSD-Loc-khach-da-de-lai-SDT-va-chua-de-lai-SDT-4-1024x576.jpg 1024w, https:\/\/autoinbox.com.vn\/trangchu\/wp-content\/uploads\/2022\/08\/HDSD-Loc-khach-da-de-lai-SDT-va-chua-de-lai-SDT-4-300x169.jpg 300w, https:\/\/autoinbox.com.vn\/trangchu\/wp-content\/uploads\/2022\/08\/HDSD-Loc-khach-da-de-lai-SDT-va-chua-de-lai-SDT-4-768x432.jpg 768w, https:\/\/autoinbox.com.vn\/trangchu\/wp-content\/uploads\/2022\/08\/HDSD-Loc-khach-da-de-lai-SDT-va-chua-de-lai-SDT-4-1536x864.jpg 1536w, https:\/\/autoinbox.com.vn\/trangchu\/wp-content\/uploads\/2022\/08\/HDSD-Loc-khach-da-de-lai-SDT-va-chua-de-lai-SDT-4.jpg 1920w\" sizes=\"auto, (max-width: 1024px) 100vw, 1024px\" \/><\/figure>\n\n\n\n<p><strong>B\u01b0\u1edbc 5:<\/strong> L\u1ecdc th\u00e0nh c\u00f4ng ph\u1ea7n m\u1ec1n s\u1ebd hi\u1ec7n ra 2 khung<\/p>\n\n\n\n<p><strong>&#8211; Khung 1: C\u00f3 d\u1eef li\u1ec7u l\u1ecdc<\/strong> ( t\u01b0\u01a1ng \u1ee9ng v\u1edbi c\u00e1c data c\u00f3 s\u0111t)<\/p>\n\n\n\n<p><strong>&#8211; Khung 2: Kh\u00f4ng c\u00f3 d\u1eef li\u1ec7u l\u1ecdc <\/strong>t\u01b0\u01a1ng \u0111\u01b0\u01a1ng v\u1edbi c\u00e1c data kh\u00f4ng \u0111\u1ec3 l\u1ea1i S\u0110T<\/p>\n\n\n\n<figure class=\"wp-block-image size-large\"><img loading=\"lazy\" decoding=\"async\" width=\"1024\" height=\"576\" src=\"https:\/\/autoinbox.com.vn\/trangchu\/wp-content\/uploads\/2022\/08\/HDSD-Loc-khach-da-de-lai-SDT-va-chua-de-lai-SDT-5-1024x576.jpg\" alt=\"\" class=\"wp-image-179\" srcset=\"https:\/\/autoinbox.com.vn\/trangchu\/wp-content\/uploads\/2022\/08\/HDSD-Loc-khach-da-de-lai-SDT-va-chua-de-lai-SDT-5-1024x576.jpg 1024w, https:\/\/autoinbox.com.vn\/trangchu\/wp-content\/uploads\/2022\/08\/HDSD-Loc-khach-da-de-lai-SDT-va-chua-de-lai-SDT-5-300x169.jpg 300w, https:\/\/autoinbox.com.vn\/trangchu\/wp-content\/uploads\/2022\/08\/HDSD-Loc-khach-da-de-lai-SDT-va-chua-de-lai-SDT-5-768x432.jpg 768w, https:\/\/autoinbox.com.vn\/trangchu\/wp-content\/uploads\/2022\/08\/HDSD-Loc-khach-da-de-lai-SDT-va-chua-de-lai-SDT-5-1536x864.jpg 1536w, https:\/\/autoinbox.com.vn\/trangchu\/wp-content\/uploads\/2022\/08\/HDSD-Loc-khach-da-de-lai-SDT-va-chua-de-lai-SDT-5.jpg 1920w\" sizes=\"auto, (max-width: 1024px) 100vw, 1024px\" \/><\/figure>\n\n\n\n<p><strong>B\u01b0\u1edbc 6: <\/strong>Khi l\u1ecdc xong m\u00e0n h\u00ecnh s\u1ebd hi\u1ec7n ra th\u00f4ng b\u00e1o n\u00e0y nh\u1ea5n <strong>OK<\/strong><\/p>\n\n\n\n<figure class=\"wp-block-image size-large\"><img loading=\"lazy\" decoding=\"async\" width=\"1024\" height=\"576\" src=\"https:\/\/autoinbox.com.vn\/trangchu\/wp-content\/uploads\/2022\/08\/HDSD-Loc-khach-da-de-lai-SDT-va-chua-de-lai-SDT-6-1024x576.jpg\" alt=\"\" class=\"wp-image-180\" srcset=\"https:\/\/autoinbox.com.vn\/trangchu\/wp-content\/uploads\/2022\/08\/HDSD-Loc-khach-da-de-lai-SDT-va-chua-de-lai-SDT-6-1024x576.jpg 1024w, https:\/\/autoinbox.com.vn\/trangchu\/wp-content\/uploads\/2022\/08\/HDSD-Loc-khach-da-de-lai-SDT-va-chua-de-lai-SDT-6-300x169.jpg 300w, https:\/\/autoinbox.com.vn\/trangchu\/wp-content\/uploads\/2022\/08\/HDSD-Loc-khach-da-de-lai-SDT-va-chua-de-lai-SDT-6-768x432.jpg 768w, https:\/\/autoinbox.com.vn\/trangchu\/wp-content\/uploads\/2022\/08\/HDSD-Loc-khach-da-de-lai-SDT-va-chua-de-lai-SDT-6-1536x864.jpg 1536w, https:\/\/autoinbox.com.vn\/trangchu\/wp-content\/uploads\/2022\/08\/HDSD-Loc-khach-da-de-lai-SDT-va-chua-de-lai-SDT-6.jpg 1920w\" sizes=\"auto, (max-width: 1024px) 100vw, 1024px\" \/><\/figure>\n\n\n\n<p><strong>B\u01b0\u1edbc 7: T\u00f9y v\u00e0o nhu c\u1ea7u m\u00e0 xu\u1ea5t d\u1eef li\u1ec7u \u0111\u1ec3 l\u01b0u tr\u1eef v\u00e0 g\u1eedi.<\/strong> V\u00ed d\u1ee5 \u1edf l\u1ea7n l\u1ecdc n\u00e0y b\u1ea1n \u0111ang l\u1ecdc theo S\u0110T<\/p>\n\n\n\n<p>&#8211;  N\u1ebfu b\u1ea1n mu\u1ed1n xu\u1ea5t data \u0111\u00e3 \u0111\u1ec3 l\u1ea1i S\u0110T ch\u1ecdn Xu\u1ea5t t\u1ea1i \u00f4 c\u00f3 d\u1eef li\u1ec7u l\u1ecdc<\/p>\n\n\n\n<p>&#8211; N\u1ebfu b\u1ea1n mu\u1ed1n xu\u1ea5t data ch\u01b0a \u0111\u1ec3 l\u1ea1i S\u0110T ch\u1ecdn Xu\u1ea5t \u00f4 kh\u00f4ng c\u00f3 d\u1eef li\u1ec7u l\u1ecdc <\/p>\n\n\n\n<figure class=\"wp-block-image size-large\"><img loading=\"lazy\" decoding=\"async\" width=\"1024\" height=\"576\" src=\"https:\/\/autoinbox.com.vn\/trangchu\/wp-content\/uploads\/2022\/08\/HDSD-Loc-khach-da-de-lai-SDT-va-chua-de-lai-SDT-7-1024x576.jpg\" alt=\"\" class=\"wp-image-181\" srcset=\"https:\/\/autoinbox.com.vn\/trangchu\/wp-content\/uploads\/2022\/08\/HDSD-Loc-khach-da-de-lai-SDT-va-chua-de-lai-SDT-7-1024x576.jpg 1024w, https:\/\/autoinbox.com.vn\/trangchu\/wp-content\/uploads\/2022\/08\/HDSD-Loc-khach-da-de-lai-SDT-va-chua-de-lai-SDT-7-300x169.jpg 300w, https:\/\/autoinbox.com.vn\/trangchu\/wp-content\/uploads\/2022\/08\/HDSD-Loc-khach-da-de-lai-SDT-va-chua-de-lai-SDT-7-768x432.jpg 768w, https:\/\/autoinbox.com.vn\/trangchu\/wp-content\/uploads\/2022\/08\/HDSD-Loc-khach-da-de-lai-SDT-va-chua-de-lai-SDT-7-1536x864.jpg 1536w, https:\/\/autoinbox.com.vn\/trangchu\/wp-content\/uploads\/2022\/08\/HDSD-Loc-khach-da-de-lai-SDT-va-chua-de-lai-SDT-7.jpg 1920w\" sizes=\"auto, (max-width: 1024px) 100vw, 1024px\" \/><\/figure>\n\n\n\n<p>Khi xu\u1ea5t th\u00e0nh c\u00f4ng b\u1ea1n s\u1ebd th\u1ea5y t\u1ec7p hi\u1ec7n d\u01b0\u1edbi n\u00e0y. B\u1ea1n nh\u1ea5n v\u00e0o t\u1ec7p \u0111\u1ec3 m\u1edf ra file data<\/p>\n\n\n\n<figure class=\"wp-block-image size-large\"><img loading=\"lazy\" decoding=\"async\" width=\"1024\" height=\"576\" src=\"https:\/\/autoinbox.com.vn\/trangchu\/wp-content\/uploads\/2022\/08\/Dang-nhap-Buoc-1-Mo-trinh-duyet-Google-Chrome-truy-cap-trang-web-autoinbox.vn-1-2-1024x576.jpg\" alt=\"\" class=\"wp-image-182\" srcset=\"https:\/\/autoinbox.com.vn\/trangchu\/wp-content\/uploads\/2022\/08\/Dang-nhap-Buoc-1-Mo-trinh-duyet-Google-Chrome-truy-cap-trang-web-autoinbox.vn-1-2-1024x576.jpg 1024w, https:\/\/autoinbox.com.vn\/trangchu\/wp-content\/uploads\/2022\/08\/Dang-nhap-Buoc-1-Mo-trinh-duyet-Google-Chrome-truy-cap-trang-web-autoinbox.vn-1-2-300x169.jpg 300w, https:\/\/autoinbox.com.vn\/trangchu\/wp-content\/uploads\/2022\/08\/Dang-nhap-Buoc-1-Mo-trinh-duyet-Google-Chrome-truy-cap-trang-web-autoinbox.vn-1-2-768x432.jpg 768w, https:\/\/autoinbox.com.vn\/trangchu\/wp-content\/uploads\/2022\/08\/Dang-nhap-Buoc-1-Mo-trinh-duyet-Google-Chrome-truy-cap-trang-web-autoinbox.vn-1-2-1536x864.jpg 1536w, https:\/\/autoinbox.com.vn\/trangchu\/wp-content\/uploads\/2022\/08\/Dang-nhap-Buoc-1-Mo-trinh-duyet-Google-Chrome-truy-cap-trang-web-autoinbox.vn-1-2.jpg 1920w\" sizes=\"auto, (max-width: 1024px) 100vw, 1024px\" \/><\/figure>\n","protected":false},"excerpt":{"rendered":"<p>Facebook ch\u1ec9 cho l\u1ecdc t\u1ed1i \u0111a tr\u00ean 1 nick 8000 data 1 ng\u00e0y. N\u1ebfu b\u1ea1n c\u00f3 nhu c\u1ea7u l\u1ecdc nhi\u1ec1u h\u01a1n th\u00ec h\u00e3y s\u1eed d\u1ee5ng nhi\u1ec1u nick Facebook \u0111\u1ec3 l\u1ecdc lu\u00e2n phi\u00ean! I. Nh\u1eadp data v\u00e0o \u0111\u1ec3 l\u1ecdc C\u00e1ch 1: sau khi qu\u00e9t ho\u1eb7c l\u1ea5y danh s\u00e1ch ng nh\u1eafn xong, n\u1ebfu c\u00f3 nhu c\u1ea7u l\u1ecdc [&hellip;]<\/p>\n","protected":false},"author":2,"featured_media":0,"parent":0,"menu_order":0,"comment_status":"closed","ping_status":"closed","template":"","meta":{"footnotes":""},"class_list":["post-164","page","type-page","status-publish","hentry"],"_links":{"self":[{"href":"https:\/\/autoinbox.com.vn\/trangchu\/wp-json\/wp\/v2\/pages\/164","targetHints":{"allow":["GET"]}}],"collection":[{"href":"https:\/\/autoinbox.com.vn\/trangchu\/wp-json\/wp\/v2\/pages"}],"about":[{"href":"https:\/\/autoinbox.com.vn\/trangchu\/wp-json\/wp\/v2\/types\/page"}],"author":[{"embeddable":true,"href":"https:\/\/autoinbox.com.vn\/trangchu\/wp-json\/wp\/v2\/users\/2"}],"replies":[{"embeddable":true,"href":"https:\/\/autoinbox.com.vn\/trangchu\/wp-json\/wp\/v2\/comments?post=164"}],"version-history":[{"count":1,"href":"https:\/\/autoinbox.com.vn\/trangchu\/wp-json\/wp\/v2\/pages\/164\/revisions"}],"predecessor-version":[{"id":183,"href":"https:\/\/autoinbox.com.vn\/trangchu\/wp-json\/wp\/v2\/pages\/164\/revisions\/183"}],"wp:attachment":[{"href":"https:\/\/autoinbox.com.vn\/trangchu\/wp-json\/wp\/v2\/media?parent=164"}],"curies":[{"name":"wp","href":"https:\/\/api.w.org\/{rel}","templated":true}]}}