{"id":134,"date":"2022-08-06T08:24:09","date_gmt":"2022-08-06T08:24:09","guid":{"rendered":"https:\/\/autoinbox.com.vn\/trangchu\/?page_id=134"},"modified":"2022-08-06T08:24:09","modified_gmt":"2022-08-06T08:24:09","slug":"lu%cc%9bu-y-quan-trong-tru%cc%9bo%cc%9bc-khi-su-dung-phan-mem-can-doc-ky-truoc-khi-su-dung","status":"publish","type":"page","link":"https:\/\/autoinbox.com.vn\/trangchu\/lu%cc%9bu-y-quan-trong-tru%cc%9bo%cc%9bc-khi-su-dung-phan-mem-can-doc-ky-truoc-khi-su-dung\/","title":{"rendered":"Lu\u031bu y\u0301 QUAN TR\u1eccNG tru\u031bo\u031b\u0301c khi s\u1eed d\u1ee5ng ph\u1ea7n m\u1ec1m\u00a0( C\u1ea7n \u0111\u1ecdc k\u1ef9 tr\u01b0\u1edbc khi s\u1eed d\u1ee5ng)"},"content":{"rendered":"\n<p>1. Kh\u00f4ng s\u1eed d\u1ee5ng nick c\u1ea7m qu\u1ea3n tr\u1ecb vi\u00ean page, nick c\u1ea7m t\u00e0i kho\u1ea3n qu\u1ea3ng c\u00e1o s\u1eed d\u1ee5ng autoinbox \u0111\u1ec3 tr\u00e1nh t\u00ecnh tr\u1ea1ng x\u1ea3y ra v\u1ea5n \u0111\u1ec1 m\u1ea5t t\u00e0i s\u1ea3n v\u00e0 li\u00ean quan t\u1edbi \u0111\u1ed9i ng\u0169 support Autoinbox.<\/p>\n\n\n\n<p>2. Ch\u1ec9 s\u1eed d\u1ee5ng nick c\u1ea7m bi\u00ean t\u1eadp vi\u00ean page v\u00e0 kh\u00f4ng c\u00f3 t\u00e0i kho\u1ea3n qu\u1ea3ng c\u00e1o \u0111\u1ec3 s\u1eed d\u1ee5ng autoinbox v\u00e0 nick \u0111\u1ea5y c\u1ea7n x\u00e1c nh\u1eadn sdt v\u00e0 email \u0111\u1ea7y \u0111\u1ee7 ch\u00ednh ch\u1ee7 ph\u00f2ng khi fb thi tho\u1ea3ng qu\u00e9t checkpoint nick th\u00ec v\u1eabn c\u00f3 th\u1ec3 m\u1edf \u0111\u01b0\u1ee3c v\u00e0 s\u1eed d\u1ee5ng (\u0111i\u1ec1u n\u00e0y r\u1ea5t \u00edt khi x\u1ea3y ra nh\u01b0ng m\u00ecnh n\u00ean c\u1ea9n th\u1eadn l\u00e0 \u0111i\u1ec1u c\u1ea7n thi\u1ebft)<\/p>\n\n\n\n<p>3.<\/p>\n\n\n\n<p>\u2013 Kh\u00f4ng t\u1eaft m\u1ea1ng, t\u1eaft m\u00e1y t\u00ednh, kh\u00f4ng \u0111\u1ec3 ch\u1ebf \u0111\u1ed9 sleep c\u1ee7a m\u00e1y t\u00ednh trong l\u00fac ph\u1ea7n m\u1ec1m ho\u1ea1t \u0111\u1ed9ng.<\/p>\n\n\n\n<p>\u2013 Ch\u1ec9 s\u1eed d\u1ee5ng \u0111\u01b0\u1ee3c ph\u1ea7n m\u1ec1m tr\u00ean tr\u00ecnh duy\u1ec7t \u0111\u00e3 c\u00e0i \u0111\u1eb7t, KH\u00d4NG S\u1eec D\u1ee4NG \u0110\u01af\u1ee2C TR\u00caN M\u00c1Y \u1ea2O<\/p>\n\n\n\n<p>\u2013 Khi login ph\u1ea7n m\u1ec1m s\u1ebd c\u00f3 link video h\u01b0\u1edbng d\u1eabn v\u00e0 VUI L\u00d2NG T\u1ef0 \u0110\u1ed4I m\u1eadt kh\u1ea9u \u0111\u1ec3 s\u1eed d\u1ee5ng<\/p>\n\n\n\n<p>\u2013 Ph\u1ea3i \u0111\u0103ng nh\u1eadp nick facebook m\u1edbi c\u00f3 quy\u1ec1n \u0111\u1ec3 g\u1eedi tin<\/p>\n\n\n\n<p>\u2013 \u0110\u1ed1i v\u1edbi PAGE PRO5 s\u1eed d\u1ee5ng quy\u1ec1n QTV m\u1edbi g\u1eedi \u0111\u01b0\u1ee3c tin nh\u1eafn<\/p>\n\n\n\n<p>\u2013 L\u00e0m \u0111\u00fang n\u1ed9i dung SPIN CONTENTS nh\u01b0 \u0111\u00e3 \u0111\u01b0\u1ee3c h\u01b0\u1edbng d\u1eabn. Kh\u00f4ng c\u00f3 link trong n\u1ed9i dung g\u1eedi<\/p>\n\n\n\n<p>\u2013 Trong qu\u00e1 tr\u00ecnh qu\u00e9t data page kh\u00f4ng g\u1eedi \u0111c page kh\u00e1c- \u1ea2nh g\u1eedi b\u1eaft bu\u1ed9c ph\u1ea3i l\u00e0 \u0111\u1ecbnh d\u1ea1ng JPG; dung l\u01b0\u1ee3ng \u1ea3nh &lt;350KB\/1 \u1ea3nh; g\u1eedi t\u1ed1i \u0111a 10 \u1ea3nh (tr\u00e1nh kh\u00e1ch xem nhi\u1ec1u \u1ea3nh, s\u1ebd r\u1ed1i k bi\u1ebft ch\u1ecdn m\u1eabu -&gt; m\u1ea5t th\u1eddi gian sale t\u01b0 v\u1ea5n \u2013 m\u1ea5t th\u1eddi gian g\u1eedi n\u1ebfu page nhi\u1ec1u data, nick g\u1eedi s\u1ebd nhanh b\u1ecb h\u1ea1n ch\u1ebf, vv\u2026)<\/p>\n\n\n\n<p>\u2013 Video dung l\u01b0\u1ee3ng t\u1ed1i \u0111a g\u1eedi facebook cho ph\u00e9p l\u00e0 25mb, n\u00ean ph\u1ea7n m\u1ec1m ch\u1ec9 g\u1eedi \u0111c &lt;25MB \u0111\u1ec3 g\u1eedi (dung l\u01b0\u1ee3ng c\u00e0ng th\u1ea5p t\u1ed1c \u0111\u1ed9 g\u1eedi c\u00e0ng nhanh)<\/p>\n\n\n\n<p>4. Link video h\u01b0\u1edbng d\u1eabn s\u1eed d\u1ee5ng v\u00e0 k\u1ecbch b\u1ea3n m\u1eabu remarketing c\u00e1c page: https:\/\/drive.google.com\/drive\/u\/1\/folders\/1A9_uwvFd2EcaNj_5ofK_aORZWTOCiMXT<\/p>\n","protected":false},"excerpt":{"rendered":"<p>1. Kh\u00f4ng s\u1eed d\u1ee5ng nick c\u1ea7m qu\u1ea3n tr\u1ecb vi\u00ean page, nick c\u1ea7m t\u00e0i kho\u1ea3n qu\u1ea3ng c\u00e1o s\u1eed d\u1ee5ng autoinbox \u0111\u1ec3 tr\u00e1nh t\u00ecnh tr\u1ea1ng x\u1ea3y ra v\u1ea5n \u0111\u1ec1 m\u1ea5t t\u00e0i s\u1ea3n v\u00e0 li\u00ean quan t\u1edbi \u0111\u1ed9i ng\u0169 support Autoinbox. 2. Ch\u1ec9 s\u1eed d\u1ee5ng nick c\u1ea7m bi\u00ean t\u1eadp vi\u00ean page v\u00e0 kh\u00f4ng c\u00f3 t\u00e0i kho\u1ea3n qu\u1ea3ng c\u00e1o [&hellip;]<\/p>\n","protected":false},"author":2,"featured_media":0,"parent":0,"menu_order":0,"comment_status":"closed","ping_status":"closed","template":"","meta":{"footnotes":""},"class_list":["post-134","page","type-page","status-publish","hentry"],"_links":{"self":[{"href":"https:\/\/autoinbox.com.vn\/trangchu\/wp-json\/wp\/v2\/pages\/134","targetHints":{"allow":["GET"]}}],"collection":[{"href":"https:\/\/autoinbox.com.vn\/trangchu\/wp-json\/wp\/v2\/pages"}],"about":[{"href":"https:\/\/autoinbox.com.vn\/trangchu\/wp-json\/wp\/v2\/types\/page"}],"author":[{"embeddable":true,"href":"https:\/\/autoinbox.com.vn\/trangchu\/wp-json\/wp\/v2\/users\/2"}],"replies":[{"embeddable":true,"href":"https:\/\/autoinbox.com.vn\/trangchu\/wp-json\/wp\/v2\/comments?post=134"}],"version-history":[{"count":1,"href":"https:\/\/autoinbox.com.vn\/trangchu\/wp-json\/wp\/v2\/pages\/134\/revisions"}],"predecessor-version":[{"id":135,"href":"https:\/\/autoinbox.com.vn\/trangchu\/wp-json\/wp\/v2\/pages\/134\/revisions\/135"}],"wp:attachment":[{"href":"https:\/\/autoinbox.com.vn\/trangchu\/wp-json\/wp\/v2\/media?parent=134"}],"curies":[{"name":"wp","href":"https:\/\/api.w.org\/{rel}","templated":true}]}}