{"id":128,"date":"2022-08-06T07:58:40","date_gmt":"2022-08-06T07:58:40","guid":{"rendered":"https:\/\/autoinbox.com.vn\/trangchu\/?page_id=128"},"modified":"2022-08-08T04:23:22","modified_gmt":"2022-08-08T04:23:22","slug":"hdsd-quet-va-loc-data","status":"publish","type":"page","link":"https:\/\/autoinbox.com.vn\/trangchu\/hdsd-quet-va-loc-data\/","title":{"rendered":"HDSD &#8211; Qu\u00e9t data"},"content":{"rendered":"\n<p>M\u1edf th\u00eam 1 tag v\u00e0 <strong>\u0111\u0103ng nh\u1eadp FB<\/strong> c\u00f3 quy\u1ec1n BTV page b\u1ea1n mu\u1ed1n g\u1eedi tin. Sau \u0111\u00f3 quay l\u1ea1i tag n\u00e0y v\u00e0 nh\u1ea5n <strong>S\u1eec D\u1ee4NG PAGE INBOX NGAY<\/strong><\/p>\n\n\n\n<figure class=\"wp-block-image size-large\"><img loading=\"lazy\" decoding=\"async\" width=\"1024\" height=\"576\" src=\"https:\/\/autoinbox.com.vn\/trangchu\/wp-content\/uploads\/2022\/08\/Dang-nhap-Buoc-1-Mo-trinh-duyet-Google-Chrome-truy-cap-trang-web-autoinbox.vn-1-1024x576.jpg\" alt=\"\" class=\"wp-image-149\" srcset=\"https:\/\/autoinbox.com.vn\/trangchu\/wp-content\/uploads\/2022\/08\/Dang-nhap-Buoc-1-Mo-trinh-duyet-Google-Chrome-truy-cap-trang-web-autoinbox.vn-1-1024x576.jpg 1024w, https:\/\/autoinbox.com.vn\/trangchu\/wp-content\/uploads\/2022\/08\/Dang-nhap-Buoc-1-Mo-trinh-duyet-Google-Chrome-truy-cap-trang-web-autoinbox.vn-1-300x169.jpg 300w, https:\/\/autoinbox.com.vn\/trangchu\/wp-content\/uploads\/2022\/08\/Dang-nhap-Buoc-1-Mo-trinh-duyet-Google-Chrome-truy-cap-trang-web-autoinbox.vn-1-768x432.jpg 768w, https:\/\/autoinbox.com.vn\/trangchu\/wp-content\/uploads\/2022\/08\/Dang-nhap-Buoc-1-Mo-trinh-duyet-Google-Chrome-truy-cap-trang-web-autoinbox.vn-1-1536x864.jpg 1536w, https:\/\/autoinbox.com.vn\/trangchu\/wp-content\/uploads\/2022\/08\/Dang-nhap-Buoc-1-Mo-trinh-duyet-Google-Chrome-truy-cap-trang-web-autoinbox.vn-1.jpg 1920w\" sizes=\"auto, (max-width: 1024px) 100vw, 1024px\" \/><\/figure>\n\n\n\n<p>M\u00e0n h\u00ecnh s\u1ebd hi\u1ec7n ra giao di\u1ec7n nh\u01b0 h\u00ecnh. N\u1ebfu kh\u00f4ng th\u1ea5y giao di\u1ec7n n\u00e0y, b\u1ea1n c\u1ea7n xem l\u1ea1i \u0111\u00e3 c\u00e0i \u0111\u1eb7t extension ch\u01b0a, n\u1ebfu c\u00e0i r\u1ed3i c\u00f3 th\u1ec3 t\u1eaft \u0111i b\u1eadt l\u1ea1i ho\u1eb7c F5 l\u1ea1i extension (H\u01b0\u1edbng d\u1eabn chi ti\u1ebft xem l\u1ea1i \u1edf ph\u1ea7n HDSD &#8211; C\u00e0i extension)<\/p>\n\n\n\n<figure class=\"wp-block-image size-large\"><img loading=\"lazy\" decoding=\"async\" width=\"1024\" height=\"576\" src=\"https:\/\/autoinbox.com.vn\/trangchu\/wp-content\/uploads\/2022\/08\/HDSD-Quet-data-2-1024x576.jpg\" alt=\"\" class=\"wp-image-147\" srcset=\"https:\/\/autoinbox.com.vn\/trangchu\/wp-content\/uploads\/2022\/08\/HDSD-Quet-data-2-1024x576.jpg 1024w, https:\/\/autoinbox.com.vn\/trangchu\/wp-content\/uploads\/2022\/08\/HDSD-Quet-data-2-300x169.jpg 300w, https:\/\/autoinbox.com.vn\/trangchu\/wp-content\/uploads\/2022\/08\/HDSD-Quet-data-2-768x432.jpg 768w, https:\/\/autoinbox.com.vn\/trangchu\/wp-content\/uploads\/2022\/08\/HDSD-Quet-data-2-1536x864.jpg 1536w, https:\/\/autoinbox.com.vn\/trangchu\/wp-content\/uploads\/2022\/08\/HDSD-Quet-data-2.jpg 1920w\" sizes=\"auto, (max-width: 1024px) 100vw, 1024px\" \/><\/figure>\n\n\n\n<p>\u0110\u00e2y l\u00e0 token \u0111\u01b0\u1ee3c t\u1ea1o t\u1ef1 \u0111\u1ed9ng. N\u1ebfu b\u1ea1n kh\u00f4ng th\u1ea5y token? h\u00e3y click XIN QUY\u1ec0N sau \u0111\u00f3 quay l\u1ea1i \u0111\u00e2y b\u1ea5m F5 (n\u1ebfu th\u1ea5y hi\u1ec3n th\u1ecb danh s\u00e1ch page l\u00e0 th\u00e0nh c\u00f4ng)<\/p>\n\n\n\n<figure class=\"wp-block-image size-large\"><img loading=\"lazy\" decoding=\"async\" width=\"1024\" height=\"576\" src=\"https:\/\/autoinbox.com.vn\/trangchu\/wp-content\/uploads\/2022\/08\/HDSD-Quet-data-2-1-1024x576.jpg\" alt=\"\" class=\"wp-image-148\" srcset=\"https:\/\/autoinbox.com.vn\/trangchu\/wp-content\/uploads\/2022\/08\/HDSD-Quet-data-2-1-1024x576.jpg 1024w, https:\/\/autoinbox.com.vn\/trangchu\/wp-content\/uploads\/2022\/08\/HDSD-Quet-data-2-1-300x169.jpg 300w, https:\/\/autoinbox.com.vn\/trangchu\/wp-content\/uploads\/2022\/08\/HDSD-Quet-data-2-1-768x432.jpg 768w, https:\/\/autoinbox.com.vn\/trangchu\/wp-content\/uploads\/2022\/08\/HDSD-Quet-data-2-1-1536x864.jpg 1536w, https:\/\/autoinbox.com.vn\/trangchu\/wp-content\/uploads\/2022\/08\/HDSD-Quet-data-2-1.jpg 1920w\" sizes=\"auto, (max-width: 1024px) 100vw, 1024px\" \/><\/figure>\n\n\n\n<p>B\u1eaft \u0111\u1eb1u qu\u00e9t data<\/p>\n\n\n\n<p><strong>B\u01b0\u1edbc 1:<\/strong> Nh\u1ea5n l\u1ef1a ch\u1ecdn page<\/p>\n\n\n\n<p><strong>B\u01b0\u1edbc 2:<\/strong> B\u1ea1n c\u00f3 th\u1ec3 nh\u1eadp t\u00ean page \u0111\u1ec3 click ch\u1ecdn ho\u1eb7c cu\u1ed9n xu\u1ed1ng ch\u1ecdn page<\/p>\n\n\n\n<p><strong>B\u01b0\u1edbc 3:<\/strong> Ch\u1ecdn page b\u1ea1n mu\u1ed1n qu\u00e9t data<\/p>\n\n\n\n<figure class=\"wp-block-image size-large\"><img loading=\"lazy\" decoding=\"async\" width=\"1024\" height=\"576\" src=\"https:\/\/autoinbox.com.vn\/trangchu\/wp-content\/uploads\/2022\/08\/HDSD-Quet-data-4-1024x576.jpg\" alt=\"\" class=\"wp-image-150\" srcset=\"https:\/\/autoinbox.com.vn\/trangchu\/wp-content\/uploads\/2022\/08\/HDSD-Quet-data-4-1024x576.jpg 1024w, https:\/\/autoinbox.com.vn\/trangchu\/wp-content\/uploads\/2022\/08\/HDSD-Quet-data-4-300x169.jpg 300w, https:\/\/autoinbox.com.vn\/trangchu\/wp-content\/uploads\/2022\/08\/HDSD-Quet-data-4-768x432.jpg 768w, https:\/\/autoinbox.com.vn\/trangchu\/wp-content\/uploads\/2022\/08\/HDSD-Quet-data-4-1536x864.jpg 1536w, https:\/\/autoinbox.com.vn\/trangchu\/wp-content\/uploads\/2022\/08\/HDSD-Quet-data-4.jpg 1920w\" sizes=\"auto, (max-width: 1024px) 100vw, 1024px\" \/><\/figure>\n\n\n\n<p><strong>B\u01b0\u1edbc 4:<\/strong> Ch\u1ecdn th\u1eddi gian b\u1ea1n mu\u1ed1n l\u1ea5y data. (th\u1eddi gian b\u1ea1n s\u1ebd \u0111i\u1ec1n<strong> t\u1eeb g\u1ea7n v\u1ec1 xa<\/strong>).<\/p>\n\n\n\n<p><em>\u1ede l\u1ea7n qu\u00e9t \u0111\u1ea7u ti\u00ean b\u1ea1n n\u00ean ch\u1ecdn qu\u00e9t t\u1eeb ng\u00e0y \u1edf th\u1eddi \u0111i\u1ec3m hi\u1ec7n t\u1ea1i V\u1ec0 ng\u00e0y 01\/01\/2000 \u0111\u1ec3 l\u1ea5y \u0111\u01b0\u1ee3c data to\u00e0n b\u1ed9 page<\/em><\/p>\n\n\n\n<figure class=\"wp-block-image size-large\"><img loading=\"lazy\" decoding=\"async\" width=\"1024\" height=\"576\" src=\"https:\/\/autoinbox.com.vn\/trangchu\/wp-content\/uploads\/2022\/08\/HDSD-Quet-data-5-1024x576.jpg\" alt=\"\" class=\"wp-image-151\" srcset=\"https:\/\/autoinbox.com.vn\/trangchu\/wp-content\/uploads\/2022\/08\/HDSD-Quet-data-5-1024x576.jpg 1024w, https:\/\/autoinbox.com.vn\/trangchu\/wp-content\/uploads\/2022\/08\/HDSD-Quet-data-5-300x169.jpg 300w, https:\/\/autoinbox.com.vn\/trangchu\/wp-content\/uploads\/2022\/08\/HDSD-Quet-data-5-768x432.jpg 768w, https:\/\/autoinbox.com.vn\/trangchu\/wp-content\/uploads\/2022\/08\/HDSD-Quet-data-5-1536x864.jpg 1536w, https:\/\/autoinbox.com.vn\/trangchu\/wp-content\/uploads\/2022\/08\/HDSD-Quet-data-5.jpg 1920w\" sizes=\"auto, (max-width: 1024px) 100vw, 1024px\" \/><\/figure>\n\n\n\n<p><strong>B\u01b0\u1edbc 5:<\/strong> Ch\u1ecdn <strong>Qu\u00e9t danh s\u00e1ch kh\u00e1ch h\u00e0ng<\/strong><\/p>\n\n\n\n<figure class=\"wp-block-image size-large\"><img loading=\"lazy\" decoding=\"async\" width=\"1024\" height=\"576\" src=\"https:\/\/autoinbox.com.vn\/trangchu\/wp-content\/uploads\/2022\/08\/HDSD-Quet-data-1-1024x576.jpg\" alt=\"\" class=\"wp-image-152\" srcset=\"https:\/\/autoinbox.com.vn\/trangchu\/wp-content\/uploads\/2022\/08\/HDSD-Quet-data-1-1024x576.jpg 1024w, https:\/\/autoinbox.com.vn\/trangchu\/wp-content\/uploads\/2022\/08\/HDSD-Quet-data-1-300x169.jpg 300w, https:\/\/autoinbox.com.vn\/trangchu\/wp-content\/uploads\/2022\/08\/HDSD-Quet-data-1-768x432.jpg 768w, https:\/\/autoinbox.com.vn\/trangchu\/wp-content\/uploads\/2022\/08\/HDSD-Quet-data-1-1536x864.jpg 1536w, https:\/\/autoinbox.com.vn\/trangchu\/wp-content\/uploads\/2022\/08\/HDSD-Quet-data-1.jpg 1920w\" sizes=\"auto, (max-width: 1024px) 100vw, 1024px\" \/><\/figure>\n\n\n\n<p>Khi qu\u00e9t th\u00e0nh c\u00f4ng m\u00e0n h\u00ecnh s\u1ebd hi\u1ec7n nh\u01b0 \u1ea3nh.<\/p>\n\n\n\n<p><strong>B\u01b0\u1edbc 6: <\/strong>Khi qu\u00e9t xong m\u00e0n h\u00ecnh s\u1ebd hi\u1ec7n ra th\u00f4ng b\u00e1o n\u00e0y nh\u1ea5n <strong>OK<\/strong><\/p>\n\n\n\n<figure class=\"wp-block-image size-large\"><img loading=\"lazy\" decoding=\"async\" width=\"1024\" height=\"576\" src=\"https:\/\/autoinbox.com.vn\/trangchu\/wp-content\/uploads\/2022\/08\/Dang-nhap-Buoc-1-Mo-trinh-duyet-Google-Chrome-truy-cap-trang-web-autoinbox.vn-2-1024x576.jpg\" alt=\"\" class=\"wp-image-155\" srcset=\"https:\/\/autoinbox.com.vn\/trangchu\/wp-content\/uploads\/2022\/08\/Dang-nhap-Buoc-1-Mo-trinh-duyet-Google-Chrome-truy-cap-trang-web-autoinbox.vn-2-1024x576.jpg 1024w, https:\/\/autoinbox.com.vn\/trangchu\/wp-content\/uploads\/2022\/08\/Dang-nhap-Buoc-1-Mo-trinh-duyet-Google-Chrome-truy-cap-trang-web-autoinbox.vn-2-300x169.jpg 300w, https:\/\/autoinbox.com.vn\/trangchu\/wp-content\/uploads\/2022\/08\/Dang-nhap-Buoc-1-Mo-trinh-duyet-Google-Chrome-truy-cap-trang-web-autoinbox.vn-2-768x432.jpg 768w, https:\/\/autoinbox.com.vn\/trangchu\/wp-content\/uploads\/2022\/08\/Dang-nhap-Buoc-1-Mo-trinh-duyet-Google-Chrome-truy-cap-trang-web-autoinbox.vn-2-1536x864.jpg 1536w, https:\/\/autoinbox.com.vn\/trangchu\/wp-content\/uploads\/2022\/08\/Dang-nhap-Buoc-1-Mo-trinh-duyet-Google-Chrome-truy-cap-trang-web-autoinbox.vn-2.jpg 1920w\" sizes=\"auto, (max-width: 1024px) 100vw, 1024px\" \/><\/figure>\n\n\n\n<p><strong>B\u01b0\u1edbc 7<\/strong>: \u1ea4n <strong>XU\u1ea4T <\/strong>\u0111\u1ec3 l\u01b0u data v\u1ec3 m\u00e1y<\/p>\n\n\n\n<figure class=\"wp-block-image size-large\"><img loading=\"lazy\" decoding=\"async\" width=\"1024\" height=\"576\" src=\"https:\/\/autoinbox.com.vn\/trangchu\/wp-content\/uploads\/2022\/08\/Dang-nhap-Buoc-1-Mo-trinh-duyet-Google-Chrome-truy-cap-trang-web-autoinbox.vn-3-1024x576.jpg\" alt=\"\" class=\"wp-image-157\" srcset=\"https:\/\/autoinbox.com.vn\/trangchu\/wp-content\/uploads\/2022\/08\/Dang-nhap-Buoc-1-Mo-trinh-duyet-Google-Chrome-truy-cap-trang-web-autoinbox.vn-3-1024x576.jpg 1024w, https:\/\/autoinbox.com.vn\/trangchu\/wp-content\/uploads\/2022\/08\/Dang-nhap-Buoc-1-Mo-trinh-duyet-Google-Chrome-truy-cap-trang-web-autoinbox.vn-3-300x169.jpg 300w, https:\/\/autoinbox.com.vn\/trangchu\/wp-content\/uploads\/2022\/08\/Dang-nhap-Buoc-1-Mo-trinh-duyet-Google-Chrome-truy-cap-trang-web-autoinbox.vn-3-768x432.jpg 768w, https:\/\/autoinbox.com.vn\/trangchu\/wp-content\/uploads\/2022\/08\/Dang-nhap-Buoc-1-Mo-trinh-duyet-Google-Chrome-truy-cap-trang-web-autoinbox.vn-3-1536x864.jpg 1536w, https:\/\/autoinbox.com.vn\/trangchu\/wp-content\/uploads\/2022\/08\/Dang-nhap-Buoc-1-Mo-trinh-duyet-Google-Chrome-truy-cap-trang-web-autoinbox.vn-3.jpg 1920w\" sizes=\"auto, (max-width: 1024px) 100vw, 1024px\" \/><\/figure>\n\n\n\n<p>Khi xu\u1ea5t th\u00e0nh c\u00f4ng b\u1ea1n s\u1ebd th\u1ea5y t\u1ec7p hi\u1ec7n d\u01b0\u1edbi n\u00e0y. B\u1ea1n nh\u1ea5n v\u00e0o t\u1ec7p \u0111\u1ec3 m\u1edf ra file data<\/p>\n\n\n\n<figure class=\"wp-block-image size-large is-resized\"><img loading=\"lazy\" decoding=\"async\" src=\"https:\/\/autoinbox.com.vn\/trangchu\/wp-content\/uploads\/2022\/08\/HDSD-Quet-data-10-1024x576.jpg\" alt=\"\" class=\"wp-image-156\" width=\"840\" height=\"472\" srcset=\"https:\/\/autoinbox.com.vn\/trangchu\/wp-content\/uploads\/2022\/08\/HDSD-Quet-data-10-1024x576.jpg 1024w, https:\/\/autoinbox.com.vn\/trangchu\/wp-content\/uploads\/2022\/08\/HDSD-Quet-data-10-300x169.jpg 300w, https:\/\/autoinbox.com.vn\/trangchu\/wp-content\/uploads\/2022\/08\/HDSD-Quet-data-10-768x432.jpg 768w, https:\/\/autoinbox.com.vn\/trangchu\/wp-content\/uploads\/2022\/08\/HDSD-Quet-data-10-1536x864.jpg 1536w, https:\/\/autoinbox.com.vn\/trangchu\/wp-content\/uploads\/2022\/08\/HDSD-Quet-data-10.jpg 1920w\" sizes=\"auto, (max-width: 840px) 100vw, 840px\" \/><\/figure>\n\n\n\n<p>File data khi m\u1edf ra s\u1ebd hi\u1ec3n th\u1ecb nh\u01b0 h\u00ecnh<\/p>\n\n\n\n<figure class=\"wp-block-image size-large\"><img loading=\"lazy\" decoding=\"async\" width=\"1024\" height=\"576\" src=\"https:\/\/autoinbox.com.vn\/trangchu\/wp-content\/uploads\/2022\/08\/HDSD-Quet-data-11-1024x576.jpg\" alt=\"\" class=\"wp-image-158\" srcset=\"https:\/\/autoinbox.com.vn\/trangchu\/wp-content\/uploads\/2022\/08\/HDSD-Quet-data-11-1024x576.jpg 1024w, https:\/\/autoinbox.com.vn\/trangchu\/wp-content\/uploads\/2022\/08\/HDSD-Quet-data-11-300x169.jpg 300w, https:\/\/autoinbox.com.vn\/trangchu\/wp-content\/uploads\/2022\/08\/HDSD-Quet-data-11-768x432.jpg 768w, https:\/\/autoinbox.com.vn\/trangchu\/wp-content\/uploads\/2022\/08\/HDSD-Quet-data-11-1536x864.jpg 1536w, https:\/\/autoinbox.com.vn\/trangchu\/wp-content\/uploads\/2022\/08\/HDSD-Quet-data-11.jpg 1920w\" sizes=\"auto, (max-width: 1024px) 100vw, 1024px\" \/><\/figure>\n\n\n\n<h2 class=\"wp-block-heading\">KHI \u0110ANG QU\u00c9T B\u1ea0N MU\u1ed0N \u0110\u01afNG HO\u1eb6C T\u1ea0M D\u1eeaNG<\/h2>\n\n\n\n<p>&#8211; N\u1ebfu b\u1ea1n mu\u1ed1n t\u1ea1m d\u1eebng qu\u00e9t nh\u1ea5n <strong>T\u1ea1m d\u1eebng<\/strong><\/p>\n\n\n\n<p>&#8211; N\u1ebfu b\u1ea1n mu\u1ed1n d\u1eebng qu\u00e9t nh\u1ea5n <strong>D\u1eeaNG<\/strong><\/p>\n\n\n\n<figure class=\"wp-block-image size-large\"><img loading=\"lazy\" decoding=\"async\" width=\"1024\" height=\"576\" src=\"https:\/\/autoinbox.com.vn\/trangchu\/wp-content\/uploads\/2022\/08\/HDSD-Quet-data-6-1024x576.jpg\" alt=\"\" class=\"wp-image-153\" srcset=\"https:\/\/autoinbox.com.vn\/trangchu\/wp-content\/uploads\/2022\/08\/HDSD-Quet-data-6-1024x576.jpg 1024w, https:\/\/autoinbox.com.vn\/trangchu\/wp-content\/uploads\/2022\/08\/HDSD-Quet-data-6-300x169.jpg 300w, https:\/\/autoinbox.com.vn\/trangchu\/wp-content\/uploads\/2022\/08\/HDSD-Quet-data-6-768x432.jpg 768w, https:\/\/autoinbox.com.vn\/trangchu\/wp-content\/uploads\/2022\/08\/HDSD-Quet-data-6-1536x864.jpg 1536w, https:\/\/autoinbox.com.vn\/trangchu\/wp-content\/uploads\/2022\/08\/HDSD-Quet-data-6.jpg 1920w\" sizes=\"auto, (max-width: 1024px) 100vw, 1024px\" \/><\/figure>\n\n\n\n<p>Sau khi nh\u1ea5n t\u1ea1m d\u1eebng mu\u1ed1n ti\u1ebfp t\u1ee5c qu\u00e9t b\u1ea1n ch\u1ecdn<strong> Ti\u1ebfp t\u1ee5c<\/strong><\/p>\n\n\n\n<figure class=\"wp-block-image size-large\"><img loading=\"lazy\" decoding=\"async\" width=\"1024\" height=\"576\" src=\"https:\/\/autoinbox.com.vn\/trangchu\/wp-content\/uploads\/2022\/08\/HDSD-Quet-data-7-1024x576.jpg\" alt=\"\" class=\"wp-image-154\" srcset=\"https:\/\/autoinbox.com.vn\/trangchu\/wp-content\/uploads\/2022\/08\/HDSD-Quet-data-7-1024x576.jpg 1024w, https:\/\/autoinbox.com.vn\/trangchu\/wp-content\/uploads\/2022\/08\/HDSD-Quet-data-7-300x169.jpg 300w, https:\/\/autoinbox.com.vn\/trangchu\/wp-content\/uploads\/2022\/08\/HDSD-Quet-data-7-768x432.jpg 768w, https:\/\/autoinbox.com.vn\/trangchu\/wp-content\/uploads\/2022\/08\/HDSD-Quet-data-7-1536x864.jpg 1536w, https:\/\/autoinbox.com.vn\/trangchu\/wp-content\/uploads\/2022\/08\/HDSD-Quet-data-7.jpg 1920w\" sizes=\"auto, (max-width: 1024px) 100vw, 1024px\" \/><\/figure>\n\n\n\n<h2 class=\"wp-block-heading\">N\u00fat L\u1ea5y danh s\u00e1ch \u0111\u00e3 l\u01b0u v\u00e0 qu\u00e9t ti\u1ebfp t\u1ee5c s\u1ebd \u0111\u01b0\u1ee3c s\u1eed d\u1ee5ng \u1edf 1 trong c\u00e1c tr\u01b0\u1eddng h\u1ee3p sau:<\/h2>\n\n\n\n<p><strong>TH1:<\/strong> B\u1ea1n \u0111ang qu\u00e9t data m\u00e0 l\u1ee1 tay nh\u1ea5n \u0111\u00f3ng tr\u00ecnh duy\u1ec7t ho\u1eb7c m\u1ea5t m\u1ea1ng hay c\u00f3 l\u1ed7i. Khi b\u1ea1n ch\u1ecdn n\u00fat n\u00e0y ph\u1ea7n m\u1ec1m s\u1ebd l\u1ea5y ph\u1ea7n \u0111\u00e3 qu\u00e9t \u0111\u01b0\u1ee3c t\u1eeb tr\u01b0\u1edbc v\u00e0 l\u01b0u qu\u00e9t ti\u1ebfp v\u1ec1 th\u1eddi gian b\u1ea1n c\u00e0i \u0111\u1eb7t ( tr\u00ecnh t\u1ef1 qu\u00e9t v\u1eabn l\u00e0 t\u1eeb g\u1ea7n v\u1ec1 xa)<br><strong>TH2:<\/strong> B\u1ea1n \u0111\u00e3 qu\u00e9t h\u1ebft data to\u00e0n page v\u00e0 mu\u1ed1n l\u1ea5y danh s\u00e1ch \u0111\u00f3 \u0111\u1ec3 g\u1eedi tin nh\u1eafn. (L\u01b0u \u00fd: ph\u1ea7n m\u1ec1m s\u1ebd l\u1ea5y data t\u00ecnh t\u1eeb l\u1ea7n cu\u1ed1i c\u00f9ng b\u1ea1n qu\u00e9t. V\u00ed d\u1ee5: l\u1ea7n qu\u00e9t cu\u1ed1i c\u00f9ng l\u00e0 qu\u00e9t t\u1eeb ng\u00e0y 01\/08\/2022 v\u1ec1 ng\u00e0y 01\/01\/2022 th\u00ec ph\u1ea7n m\u1ec1m s\u1ebd l\u01b0u data trong kho\u1ea3ng \u0111\u00f3, n\u1ebfu b\u1ea1n mu\u1ed1n l\u1ea5y data t\u1eeb th\u1eddi \u0111i\u1ec3m hi\u1ec7n t\u1ea1i v\u1ec1 th\u1eddi \u0111i\u1ec3m 01\/01\/2022 th\u00ec b\u1ea1n ph\u1ea3i ch\u1ecdn qu\u00e9t l\u1ea1i t\u1eeb \u0111\u1ea7u \u0111\u1ec3 ph\u1ea7n m\u1ec1m l\u01b0u l\u1ea1i )<\/p>\n\n\n\n<figure class=\"wp-block-image size-large\"><img loading=\"lazy\" decoding=\"async\" width=\"1024\" height=\"576\" src=\"https:\/\/autoinbox.com.vn\/trangchu\/wp-content\/uploads\/2022\/08\/HDSD-Quet-data-12-1024x576.jpg\" alt=\"\" class=\"wp-image-159\" srcset=\"https:\/\/autoinbox.com.vn\/trangchu\/wp-content\/uploads\/2022\/08\/HDSD-Quet-data-12-1024x576.jpg 1024w, https:\/\/autoinbox.com.vn\/trangchu\/wp-content\/uploads\/2022\/08\/HDSD-Quet-data-12-300x169.jpg 300w, https:\/\/autoinbox.com.vn\/trangchu\/wp-content\/uploads\/2022\/08\/HDSD-Quet-data-12-768x432.jpg 768w, https:\/\/autoinbox.com.vn\/trangchu\/wp-content\/uploads\/2022\/08\/HDSD-Quet-data-12-1536x864.jpg 1536w, https:\/\/autoinbox.com.vn\/trangchu\/wp-content\/uploads\/2022\/08\/HDSD-Quet-data-12.jpg 1920w\" sizes=\"auto, (max-width: 1024px) 100vw, 1024px\" \/><\/figure>\n","protected":false},"excerpt":{"rendered":"<p>M\u1edf th\u00eam 1 tag v\u00e0 \u0111\u0103ng nh\u1eadp FB c\u00f3 quy\u1ec1n BTV page b\u1ea1n mu\u1ed1n g\u1eedi tin. Sau \u0111\u00f3 quay l\u1ea1i tag n\u00e0y v\u00e0 nh\u1ea5n S\u1eec D\u1ee4NG PAGE INBOX NGAY M\u00e0n h\u00ecnh s\u1ebd hi\u1ec7n ra giao di\u1ec7n nh\u01b0 h\u00ecnh. N\u1ebfu kh\u00f4ng th\u1ea5y giao di\u1ec7n n\u00e0y, b\u1ea1n c\u1ea7n xem l\u1ea1i \u0111\u00e3 c\u00e0i \u0111\u1eb7t extension ch\u01b0a, n\u1ebfu c\u00e0i [&hellip;]<\/p>\n","protected":false},"author":2,"featured_media":0,"parent":0,"menu_order":0,"comment_status":"closed","ping_status":"closed","template":"","meta":{"footnotes":""},"class_list":["post-128","page","type-page","status-publish","hentry"],"_links":{"self":[{"href":"https:\/\/autoinbox.com.vn\/trangchu\/wp-json\/wp\/v2\/pages\/128","targetHints":{"allow":["GET"]}}],"collection":[{"href":"https:\/\/autoinbox.com.vn\/trangchu\/wp-json\/wp\/v2\/pages"}],"about":[{"href":"https:\/\/autoinbox.com.vn\/trangchu\/wp-json\/wp\/v2\/types\/page"}],"author":[{"embeddable":true,"href":"https:\/\/autoinbox.com.vn\/trangchu\/wp-json\/wp\/v2\/users\/2"}],"replies":[{"embeddable":true,"href":"https:\/\/autoinbox.com.vn\/trangchu\/wp-json\/wp\/v2\/comments?post=128"}],"version-history":[{"count":3,"href":"https:\/\/autoinbox.com.vn\/trangchu\/wp-json\/wp\/v2\/pages\/128\/revisions"}],"predecessor-version":[{"id":161,"href":"https:\/\/autoinbox.com.vn\/trangchu\/wp-json\/wp\/v2\/pages\/128\/revisions\/161"}],"wp:attachment":[{"href":"https:\/\/autoinbox.com.vn\/trangchu\/wp-json\/wp\/v2\/media?parent=128"}],"curies":[{"name":"wp","href":"https:\/\/api.w.org\/{rel}","templated":true}]}}